{"id":69,"date":"2020-01-27T08:05:29","date_gmt":"2020-01-27T08:05:29","guid":{"rendered":"https:\/\/demosites.io\/web-agency-gb\/?page_id=69"},"modified":"2024-07-07T20:25:58","modified_gmt":"2024-07-07T20:25:58","slug":"services","status":"publish","type":"page","link":"https:\/\/onaybilgisayar.com\/index.php\/services\/","title":{"rendered":"Hizmetlerimiz"},"content":{"rendered":"\n<div class=\"wp-block-cover alignfull\" style=\"min-height:300px\"><span aria-hidden=\"true\" class=\"wp-block-cover__background has-nv-site-bg-background-color has-background-dim-100 has-background-dim\"><\/span><div class=\"wp-block-cover__inner-container is-layout-flow wp-block-cover-is-layout-flow\">\n<div class=\"wp-block-group is-layout-flow wp-block-group-is-layout-flow\"><div class=\"wp-block-group__inner-container\">\n<h1 class=\"wp-block-heading has-text-align-left has-neve-text-color-color has-text-color\">Hizmetlerimiz<\/h1>\n<\/div><\/div>\n<\/div><\/div>\n\n\n\n<div class=\"wp-block-cover alignfull\" style=\"min-height:600px\"><span aria-hidden=\"true\" class=\"wp-block-cover__background has-nv-light-bg-background-color has-background-dim-100 has-background-dim\"><\/span><div class=\"wp-block-cover__inner-container is-layout-flow wp-block-cover-is-layout-flow\">\n<div class=\"wp-block-group is-layout-flow wp-block-group-is-layout-flow\"><div class=\"wp-block-group__inner-container\">\n<div style=\"height:80px\" aria-hidden=\"true\" class=\"wp-block-spacer\"><\/div>\n\n\n\n<div class=\"wp-block-columns are-vertically-aligned-center is-layout-flex wp-container-core-columns-layout-1 wp-block-columns-is-layout-flex\">\n<div class=\"wp-block-column is-vertically-aligned-center is-layout-flow wp-block-column-is-layout-flow\" style=\"flex-basis:50%\">\n<figure class=\"wp-block-image size-full\"><img loading=\"lazy\" decoding=\"async\" width=\"547\" height=\"308\" src=\"https:\/\/onaybilgisayar.com\/wp-content\/uploads\/2024\/07\/freepik-export-20240627185143LQqt-edited.jpeg\" alt=\"\" class=\"wp-image-591\" srcset=\"https:\/\/onaybilgisayar.com\/wp-content\/uploads\/2024\/07\/freepik-export-20240627185143LQqt-edited.jpeg 547w, https:\/\/onaybilgisayar.com\/wp-content\/uploads\/2024\/07\/freepik-export-20240627185143LQqt-edited-300x169.jpeg 300w\" sizes=\"(max-width: 547px) 100vw, 547px\" \/><\/figure>\n\n\n\n<div style=\"height:24px\" aria-hidden=\"true\" class=\"wp-block-spacer\"><\/div>\n\n\n\n<h3 class=\"wp-block-heading has-text-align-center has-neve-text-color-color has-text-color\">G\u00fcvenlik Sistemleri<\/h3>\n\n\n\n<p class=\"has-text-align-center has-neve-text-color-color has-text-color\">&#8220;Onay Bilgisayar&#8221; olarak, AHD, CVI, SDI ve IP kamera sistemleriyle evinizin ve i\u015f yerinizin g\u00fcvenli\u011fini sa\u011fl\u0131yoruz. \u00dccretsiz ke\u015fif ve uygun fiyat garantisiyle, 7\/24 g\u00fcvenlik izleme hizmeti sunuyoruz.<\/p>\n\n\n\n<div class=\"wp-block-buttons is-content-justification-center is-layout-flex wp-container-core-buttons-layout-1 wp-block-buttons-is-layout-flex\">\n<div class=\"wp-block-button is-style-primary\"><a class=\"wp-block-button__link wp-element-button\" href=\"\/index.php\/services\/security-systems\/\">DETAYLAR<\/a><\/div>\n<\/div>\n\n\n\n<div style=\"height:40px\" aria-hidden=\"true\" class=\"wp-block-spacer\"><\/div>\n<\/div>\n\n\n\n<div class=\"wp-block-column is-vertically-aligned-center is-layout-flow wp-block-column-is-layout-flow\" style=\"flex-basis:50%\">\n<figure class=\"wp-block-image size-full\"><img loading=\"lazy\" decoding=\"async\" width=\"1000\" height=\"563\" src=\"https:\/\/onaybilgisayar.com\/wp-content\/uploads\/2024\/07\/37987-edited.jpg\" alt=\"\" class=\"wp-image-592\" srcset=\"https:\/\/onaybilgisayar.com\/wp-content\/uploads\/2024\/07\/37987-edited.jpg 1000w, https:\/\/onaybilgisayar.com\/wp-content\/uploads\/2024\/07\/37987-edited-300x169.jpg 300w, https:\/\/onaybilgisayar.com\/wp-content\/uploads\/2024\/07\/37987-edited-768x432.jpg 768w\" sizes=\"(max-width: 1000px) 100vw, 1000px\" \/><\/figure>\n\n\n\n<div style=\"height:24px\" aria-hidden=\"true\" class=\"wp-block-spacer\"><\/div>\n\n\n\n<h3 class=\"wp-block-heading has-text-align-center has-neve-text-color-color has-text-color\">Ses ve G\u00f6r\u00fcnt\u00fc Sistemleri<\/h3>\n\n\n\n<p class=\"has-text-align-center has-neve-text-color-color has-text-color\">Konser salonlar\u0131ndan konferans salonlar\u0131na, her t\u00fcrl\u00fc mek\u00e2nda y\u00fcksek kaliteli ses ve g\u00f6r\u00fcnt\u00fc sistemleri kurarak etkinliklerinizi unutulmaz k\u0131lar\u0131z. Etkileyici ses ve net g\u00f6r\u00fcnt\u00fc kalitesiyle etkinliklerinizi bir \u00fcst seviyeye ta\u015f\u0131y\u0131n.<\/p>\n\n\n\n<div class=\"wp-block-buttons is-content-justification-center is-layout-flex wp-container-core-buttons-layout-2 wp-block-buttons-is-layout-flex\">\n<div class=\"wp-block-button is-style-primary\"><a class=\"wp-block-button__link wp-element-button\" href=\"\/index.php\/services\/sound-and-visual-systems\/\">DETAYLAR<\/a><\/div>\n<\/div>\n\n\n\n<div style=\"height:40px\" aria-hidden=\"true\" class=\"wp-block-spacer\"><\/div>\n<\/div>\n<\/div>\n<\/div><\/div>\n<\/div><\/div>\n\n\n\n<div class=\"nv-cv-m wp-block-cover alignfull\" style=\"min-height:600px\"><span aria-hidden=\"true\" class=\"wp-block-cover__background has-nv-site-bg-background-color has-background-dim-100 has-background-dim\"><\/span><div class=\"wp-block-cover__inner-container is-layout-flow wp-block-cover-is-layout-flow\">\n<div class=\"wp-block-group is-layout-flow wp-block-group-is-layout-flow\"><div class=\"wp-block-group__inner-container\">\n<div style=\"height:44px\" aria-hidden=\"true\" class=\"wp-block-spacer\"><\/div>\n\n\n\n<div class=\"wp-block-columns are-vertically-aligned-center is-layout-flex wp-container-core-columns-layout-2 wp-block-columns-is-layout-flex\">\n<div class=\"wp-block-column is-vertically-aligned-center is-layout-flow wp-block-column-is-layout-flow\" style=\"flex-basis:50%\">\n<figure class=\"wp-block-image size-large\"><img loading=\"lazy\" decoding=\"async\" width=\"1000\" height=\"563\" src=\"https:\/\/onaybilgisayar.com\/wp-content\/uploads\/2024\/07\/1033-edited.jpg\" alt=\"\" class=\"wp-image-594\" srcset=\"https:\/\/onaybilgisayar.com\/wp-content\/uploads\/2024\/07\/1033-edited.jpg 1000w, https:\/\/onaybilgisayar.com\/wp-content\/uploads\/2024\/07\/1033-edited-300x169.jpg 300w, https:\/\/onaybilgisayar.com\/wp-content\/uploads\/2024\/07\/1033-edited-768x432.jpg 768w\" sizes=\"(max-width: 1000px) 100vw, 1000px\" \/><\/figure>\n\n\n\n<div style=\"height:24px\" aria-hidden=\"true\" class=\"wp-block-spacer\"><\/div>\n\n\n\n<h3 class=\"wp-block-heading has-text-align-center has-neve-text-color-color has-text-color\">Bilgisayar ve Sunucu Hizmetleri<\/h3>\n\n\n\n<p class=\"has-text-align-center has-neve-text-color-color has-text-color\">Notebook, masa\u00fcst\u00fc bilgisayarlar ve sunucular i\u00e7in kapsaml\u0131 teknik destek ve onar\u0131m hizmetleri sunuyoruz. Anakart tamiri, BIOS g\u00fcncellemeleri ve detayl\u0131 ar\u0131za tespitleriyle cihazlar\u0131n\u0131z\u0131 optimum performansa kavu\u015fturuyoruz.<\/p>\n\n\n\n<div class=\"wp-block-buttons is-content-justification-center is-layout-flex wp-container-core-buttons-layout-3 wp-block-buttons-is-layout-flex\">\n<div class=\"wp-block-button is-style-primary\"><a class=\"wp-block-button__link wp-element-button\" href=\"\/index.php\/services\/computer-services\/\">DETAYLAR<\/a><\/div>\n<\/div>\n\n\n\n<div style=\"height:40px\" aria-hidden=\"true\" class=\"wp-block-spacer\"><\/div>\n<\/div>\n\n\n\n<div class=\"wp-block-column is-vertically-aligned-center is-layout-flow wp-block-column-is-layout-flow\" style=\"flex-basis:50%\">\n<figure class=\"wp-block-image size-full\"><img loading=\"lazy\" decoding=\"async\" width=\"1000\" height=\"563\" src=\"https:\/\/onaybilgisayar.com\/wp-content\/uploads\/2024\/07\/2150062006-edited.jpg\" alt=\"\" class=\"wp-image-595\" srcset=\"https:\/\/onaybilgisayar.com\/wp-content\/uploads\/2024\/07\/2150062006-edited.jpg 1000w, https:\/\/onaybilgisayar.com\/wp-content\/uploads\/2024\/07\/2150062006-edited-300x169.jpg 300w, https:\/\/onaybilgisayar.com\/wp-content\/uploads\/2024\/07\/2150062006-edited-768x432.jpg 768w\" sizes=\"(max-width: 1000px) 100vw, 1000px\" \/><\/figure>\n\n\n\n<div style=\"height:24px\" aria-hidden=\"true\" class=\"wp-block-spacer\"><\/div>\n\n\n\n<h3 class=\"wp-block-heading has-text-align-center has-neve-text-color-color has-text-color\">Yaz\u0131l\u0131m Hizmetleri<\/h3>\n\n\n\n<p class=\"has-text-align-center has-neve-text-color-color has-text-color\">\u0130\u015fletmenizi dijital \u00e7a\u011fa ta\u015f\u0131yacak \u00f6zel yaz\u0131l\u0131m \u00e7\u00f6z\u00fcmleri sunuyoruz. ERP sistemlerinden \u00f6zel uygulama geli\u015ftirmeye, veri analiti\u011fi \u00e7\u00f6z\u00fcmlerinden m\u00fc\u015fteri ili\u015fkileri y\u00f6netimine kadar geni\u015f bir yelpazede yaz\u0131l\u0131m hizmetleri ile i\u015f s\u00fcre\u00e7lerinizi modernize edin ve i\u015f verimlili\u011finizi art\u0131r\u0131n.<\/p>\n\n\n\n<div class=\"wp-block-buttons is-content-justification-center is-layout-flex wp-container-core-buttons-layout-4 wp-block-buttons-is-layout-flex\">\n<div class=\"wp-block-button is-style-primary\"><a class=\"wp-block-button__link wp-element-button\" href=\"\/index.php\/services\/software-services\/\">DETAYLAR<\/a><\/div>\n<\/div>\n\n\n\n<div style=\"height:40px\" aria-hidden=\"true\" class=\"wp-block-spacer\"><\/div>\n<\/div>\n<\/div>\n<\/div><\/div>\n<\/div><\/div>\n","protected":false},"excerpt":{"rendered":"","protected":false},"author":1,"featured_media":0,"parent":0,"menu_order":0,"comment_status":"closed","ping_status":"closed","template":"","meta":{"neve_meta_sidebar":"full-width","neve_meta_container":"","neve_meta_enable_content_width":"on","neve_meta_content_width":100,"neve_meta_title_alignment":"","neve_meta_author_avatar":"","neve_post_elements_order":"","neve_meta_disable_header":"","neve_meta_disable_footer":"","neve_meta_disable_title":"on","neve_meta_reading_time":"","_themeisle_gutenberg_block_has_review":false,"_ti_tpc_template_sync":false,"_ti_tpc_template_id":"94gtya0n2udx05knf121","footnotes":""},"yoast_head":"<!-- This site is optimized with the Yoast SEO plugin v23.0 - https:\/\/yoast.com\/wordpress\/plugins\/seo\/ -->\n<title>Hizmetlerimiz - Onay Bilgisayar<\/title>\n<meta name=\"robots\" content=\"index, follow, max-snippet:-1, max-image-preview:large, max-video-preview:-1\" \/>\n<link rel=\"canonical\" href=\"https:\/\/onaybilgisayar.com\/index.php\/services\/\" \/>\n<meta property=\"og:locale\" content=\"tr_TR\" \/>\n<meta property=\"og:type\" content=\"article\" \/>\n<meta property=\"og:title\" content=\"Hizmetlerimiz - Onay Bilgisayar\" \/>\n<meta property=\"og:url\" content=\"https:\/\/onaybilgisayar.com\/index.php\/services\/\" \/>\n<meta property=\"og:site_name\" content=\"Onay Bilgisayar\" \/>\n<meta property=\"article:publisher\" content=\"https:\/\/www.facebook.com\/onaybilgisayar\/?locale=tr_TR\" \/>\n<meta property=\"article:modified_time\" content=\"2024-07-07T20:25:58+00:00\" \/>\n<meta property=\"og:image\" content=\"https:\/\/onaybilgisayar.com\/wp-content\/uploads\/2024\/07\/freepik-export-20240627185143LQqt-edited.jpeg\" \/>\n<meta name=\"twitter:card\" content=\"summary_large_image\" \/>\n<meta name=\"twitter:label1\" content=\"Tahmini okuma s\u00fcresi\" \/>\n\t<meta name=\"twitter:data1\" content=\"2 dakika\" \/>\n<script type=\"application\/ld+json\" class=\"yoast-schema-graph\">{\"@context\":\"https:\/\/schema.org\",\"@graph\":[{\"@type\":[\"WebPage\",\"ItemPage\"],\"@id\":\"https:\/\/onaybilgisayar.com\/index.php\/services\/\",\"url\":\"https:\/\/onaybilgisayar.com\/index.php\/services\/\",\"name\":\"Hizmetlerimiz - Onay Bilgisayar\",\"isPartOf\":{\"@id\":\"https:\/\/onaybilgisayar.com\/#website\"},\"primaryImageOfPage\":{\"@id\":\"https:\/\/onaybilgisayar.com\/index.php\/services\/#primaryimage\"},\"image\":{\"@id\":\"https:\/\/onaybilgisayar.com\/index.php\/services\/#primaryimage\"},\"thumbnailUrl\":\"https:\/\/onaybilgisayar.com\/wp-content\/uploads\/2024\/07\/freepik-export-20240627185143LQqt-edited.jpeg\",\"datePublished\":\"2020-01-27T08:05:29+00:00\",\"dateModified\":\"2024-07-07T20:25:58+00:00\",\"breadcrumb\":{\"@id\":\"https:\/\/onaybilgisayar.com\/index.php\/services\/#breadcrumb\"},\"inLanguage\":\"tr\",\"potentialAction\":[{\"@type\":\"ReadAction\",\"target\":[\"https:\/\/onaybilgisayar.com\/index.php\/services\/\"]}]},{\"@type\":\"ImageObject\",\"inLanguage\":\"tr\",\"@id\":\"https:\/\/onaybilgisayar.com\/index.php\/services\/#primaryimage\",\"url\":\"https:\/\/onaybilgisayar.com\/wp-content\/uploads\/2024\/07\/freepik-export-20240627185143LQqt-edited.jpeg\",\"contentUrl\":\"https:\/\/onaybilgisayar.com\/wp-content\/uploads\/2024\/07\/freepik-export-20240627185143LQqt-edited.jpeg\",\"width\":547,\"height\":308},{\"@type\":\"BreadcrumbList\",\"@id\":\"https:\/\/onaybilgisayar.com\/index.php\/services\/#breadcrumb\",\"itemListElement\":[{\"@type\":\"ListItem\",\"position\":1,\"name\":\"Anasayfa\",\"item\":\"https:\/\/onaybilgisayar.com\/\"},{\"@type\":\"ListItem\",\"position\":2,\"name\":\"Hizmetlerimiz\"}]},{\"@type\":\"WebSite\",\"@id\":\"https:\/\/onaybilgisayar.com\/#website\",\"url\":\"https:\/\/onaybilgisayar.com\/\",\"name\":\"Onay Bilgisayar\",\"description\":\"Bilgi Teknolojileri\",\"publisher\":{\"@id\":\"https:\/\/onaybilgisayar.com\/#organization\"},\"potentialAction\":[{\"@type\":\"SearchAction\",\"target\":{\"@type\":\"EntryPoint\",\"urlTemplate\":\"https:\/\/onaybilgisayar.com\/?s={search_term_string}\"},\"query-input\":\"required name=search_term_string\"}],\"inLanguage\":\"tr\"},{\"@type\":\"Organization\",\"@id\":\"https:\/\/onaybilgisayar.com\/#organization\",\"name\":\"Onay Bilgisayar\",\"url\":\"https:\/\/onaybilgisayar.com\/\",\"logo\":{\"@type\":\"ImageObject\",\"inLanguage\":\"tr\",\"@id\":\"https:\/\/onaybilgisayar.com\/#\/schema\/logo\/image\/\",\"url\":\"https:\/\/onaybilgisayar.com\/wp-content\/uploads\/2024\/06\/onay_bilgisayar.png\",\"contentUrl\":\"https:\/\/onaybilgisayar.com\/wp-content\/uploads\/2024\/06\/onay_bilgisayar.png\",\"width\":425,\"height\":72,\"caption\":\"Onay Bilgisayar\"},\"image\":{\"@id\":\"https:\/\/onaybilgisayar.com\/#\/schema\/logo\/image\/\"},\"sameAs\":[\"https:\/\/www.facebook.com\/onaybilgisayar\/?locale=tr_TR\",\"https:\/\/www.instagram.com\/onaybilgisayar\/\"]}]}<\/script>\n<!-- \/ Yoast SEO plugin. -->","yoast_head_json":{"title":"Hizmetlerimiz - Onay Bilgisayar","robots":{"index":"index","follow":"follow","max-snippet":"max-snippet:-1","max-image-preview":"max-image-preview:large","max-video-preview":"max-video-preview:-1"},"canonical":"https:\/\/onaybilgisayar.com\/index.php\/services\/","og_locale":"tr_TR","og_type":"article","og_title":"Hizmetlerimiz - Onay Bilgisayar","og_url":"https:\/\/onaybilgisayar.com\/index.php\/services\/","og_site_name":"Onay Bilgisayar","article_publisher":"https:\/\/www.facebook.com\/onaybilgisayar\/?locale=tr_TR","article_modified_time":"2024-07-07T20:25:58+00:00","og_image":[{"url":"https:\/\/onaybilgisayar.com\/wp-content\/uploads\/2024\/07\/freepik-export-20240627185143LQqt-edited.jpeg"}],"twitter_card":"summary_large_image","twitter_misc":{"Tahmini okuma s\u00fcresi":"2 dakika"},"schema":{"@context":"https:\/\/schema.org","@graph":[{"@type":["WebPage","ItemPage"],"@id":"https:\/\/onaybilgisayar.com\/index.php\/services\/","url":"https:\/\/onaybilgisayar.com\/index.php\/services\/","name":"Hizmetlerimiz - Onay Bilgisayar","isPartOf":{"@id":"https:\/\/onaybilgisayar.com\/#website"},"primaryImageOfPage":{"@id":"https:\/\/onaybilgisayar.com\/index.php\/services\/#primaryimage"},"image":{"@id":"https:\/\/onaybilgisayar.com\/index.php\/services\/#primaryimage"},"thumbnailUrl":"https:\/\/onaybilgisayar.com\/wp-content\/uploads\/2024\/07\/freepik-export-20240627185143LQqt-edited.jpeg","datePublished":"2020-01-27T08:05:29+00:00","dateModified":"2024-07-07T20:25:58+00:00","breadcrumb":{"@id":"https:\/\/onaybilgisayar.com\/index.php\/services\/#breadcrumb"},"inLanguage":"tr","potentialAction":[{"@type":"ReadAction","target":["https:\/\/onaybilgisayar.com\/index.php\/services\/"]}]},{"@type":"ImageObject","inLanguage":"tr","@id":"https:\/\/onaybilgisayar.com\/index.php\/services\/#primaryimage","url":"https:\/\/onaybilgisayar.com\/wp-content\/uploads\/2024\/07\/freepik-export-20240627185143LQqt-edited.jpeg","contentUrl":"https:\/\/onaybilgisayar.com\/wp-content\/uploads\/2024\/07\/freepik-export-20240627185143LQqt-edited.jpeg","width":547,"height":308},{"@type":"BreadcrumbList","@id":"https:\/\/onaybilgisayar.com\/index.php\/services\/#breadcrumb","itemListElement":[{"@type":"ListItem","position":1,"name":"Anasayfa","item":"https:\/\/onaybilgisayar.com\/"},{"@type":"ListItem","position":2,"name":"Hizmetlerimiz"}]},{"@type":"WebSite","@id":"https:\/\/onaybilgisayar.com\/#website","url":"https:\/\/onaybilgisayar.com\/","name":"Onay Bilgisayar","description":"Bilgi Teknolojileri","publisher":{"@id":"https:\/\/onaybilgisayar.com\/#organization"},"potentialAction":[{"@type":"SearchAction","target":{"@type":"EntryPoint","urlTemplate":"https:\/\/onaybilgisayar.com\/?s={search_term_string}"},"query-input":"required name=search_term_string"}],"inLanguage":"tr"},{"@type":"Organization","@id":"https:\/\/onaybilgisayar.com\/#organization","name":"Onay Bilgisayar","url":"https:\/\/onaybilgisayar.com\/","logo":{"@type":"ImageObject","inLanguage":"tr","@id":"https:\/\/onaybilgisayar.com\/#\/schema\/logo\/image\/","url":"https:\/\/onaybilgisayar.com\/wp-content\/uploads\/2024\/06\/onay_bilgisayar.png","contentUrl":"https:\/\/onaybilgisayar.com\/wp-content\/uploads\/2024\/06\/onay_bilgisayar.png","width":425,"height":72,"caption":"Onay Bilgisayar"},"image":{"@id":"https:\/\/onaybilgisayar.com\/#\/schema\/logo\/image\/"},"sameAs":["https:\/\/www.facebook.com\/onaybilgisayar\/?locale=tr_TR","https:\/\/www.instagram.com\/onaybilgisayar\/"]}]}},"_links":{"self":[{"href":"https:\/\/onaybilgisayar.com\/index.php\/wp-json\/wp\/v2\/pages\/69"}],"collection":[{"href":"https:\/\/onaybilgisayar.com\/index.php\/wp-json\/wp\/v2\/pages"}],"about":[{"href":"https:\/\/onaybilgisayar.com\/index.php\/wp-json\/wp\/v2\/types\/page"}],"author":[{"embeddable":true,"href":"https:\/\/onaybilgisayar.com\/index.php\/wp-json\/wp\/v2\/users\/1"}],"replies":[{"embeddable":true,"href":"https:\/\/onaybilgisayar.com\/index.php\/wp-json\/wp\/v2\/comments?post=69"}],"version-history":[{"count":12,"href":"https:\/\/onaybilgisayar.com\/index.php\/wp-json\/wp\/v2\/pages\/69\/revisions"}],"predecessor-version":[{"id":601,"href":"https:\/\/onaybilgisayar.com\/index.php\/wp-json\/wp\/v2\/pages\/69\/revisions\/601"}],"wp:attachment":[{"href":"https:\/\/onaybilgisayar.com\/index.php\/wp-json\/wp\/v2\/media?parent=69"}],"curies":[{"name":"wp","href":"https:\/\/api.w.org\/{rel}","templated":true}]}}