{"id":469,"date":"2024-06-26T20:52:20","date_gmt":"2024-06-26T20:52:20","guid":{"rendered":"https:\/\/onaybilgisayar.com\/?page_id=469"},"modified":"2024-07-03T04:11:20","modified_gmt":"2024-07-03T04:11:20","slug":"software-services","status":"publish","type":"page","link":"https:\/\/onaybilgisayar.com\/index.php\/services\/software-services\/","title":{"rendered":"Yaz\u0131l\u0131m Hizmetleri"},"content":{"rendered":"\n<div class=\"wp-block-cover aligncenter is-light\"><span aria-hidden=\"true\" class=\"wp-block-cover__background has-nv-dark-bg-background-color has-background-dim-80 has-background-dim\"><\/span><img decoding=\"async\" class=\"wp-block-cover__image-background wp-image-403\" alt=\"\" src=\"https:\/\/api.themeisle.com\/templates-data\/2021\/05\/ebf0233ced7259cf0838b7ba6d3aee07z5k5tcnu91t54ot9svkt\/images\/neve-patterns-8.jpg\" data-object-fit=\"cover\"\/><div class=\"wp-block-cover__inner-container is-layout-flow wp-block-cover-is-layout-flow\">\n<div style=\"height:40px\" aria-hidden=\"true\" class=\"wp-block-spacer\"><\/div>\n\n\n\n<h2 class=\"wp-block-heading has-text-align-center has-nv-text-dark-bg-color has-text-color\">Yaz\u0131l\u0131m Hizmetleri<\/h2>\n\n\n\n<p class=\"has-text-align-center has-nv-text-dark-bg-color has-text-color has-link-color wp-elements-bacdecee45672da5bab84e8a01ae578f\">Dijital d\u00f6n\u00fc\u015f\u00fcm s\u00fcre\u00e7lerinizi destekleyen ve i\u015f s\u00fcre\u00e7lerinizi optimize eden \u00e7\u00f6z\u00fcmler sunuyoruz. <\/p>\n\n\n\n<p class=\"has-text-align-center has-nv-text-dark-bg-color has-text-color has-link-color wp-elements-06922f891a36e15e4f47749087ea44c7\">\u00c7e\u015fitlilik sunan yaz\u0131l\u0131m \u00e7\u00f6z\u00fcmlerimizle i\u015fletmenizin rekabet avantaj\u0131n\u0131 art\u0131r\u0131n.<\/p>\n\n\n\n<div style=\"height:20px\" aria-hidden=\"true\" class=\"wp-block-spacer\"><\/div>\n\n\n\n<div class=\"wp-block-buttons is-horizontal is-content-justification-center is-layout-flex wp-container-core-buttons-layout-1 wp-block-buttons-is-layout-flex\">\n<div class=\"wp-block-button is-style-primary\"><a class=\"wp-block-button__link wp-element-button\" href=\"\/index.php\/services\/\">Yaz\u0131l\u0131m \u00c7\u00f6z\u00fcmlerimizi Ke\u015ffedin<\/a><\/div>\n<\/div>\n\n\n\n<div style=\"height:40px\" aria-hidden=\"true\" class=\"wp-block-spacer\"><\/div>\n<\/div><\/div>\n\n\n\n<div style=\"height:80px\" aria-hidden=\"true\" class=\"wp-block-spacer\"><\/div>\n\n\n\n<h2 class=\"wp-block-heading\">Gelece\u011fin \u0130\u015f D\u00fcnyas\u0131na Haz\u0131r m\u0131s\u0131n\u0131z?<\/h2>\n\n\n\n<h2 class=\"wp-block-heading\">D\u00f6n\u00fc\u015f\u00fcm Ba\u015fl\u0131yor!<\/h2>\n\n\n\n<p>Dijital d\u00f6n\u00fc\u015f\u00fcmle, i\u015fletmenizin s\u0131n\u0131rlar\u0131n\u0131 geni\u015fletin ve inovasyon ile b\u00fcy\u00fcmenin kap\u0131lar\u0131n\u0131 aralay\u0131n. Teknolojinin g\u00fcc\u00fcn\u00fc kullanarak m\u00fc\u015fteri deneyimini yeniden tan\u0131mlay\u0131n ve rekabette bir ad\u0131m \u00f6ne \u00e7\u0131k\u0131n.<\/p>\n\n\n\n<div style=\"height:20px\" aria-hidden=\"true\" class=\"wp-block-spacer\"><\/div>\n\n\n\n<div class=\"nv-cv-m wp-block-columns is-layout-flex wp-container-core-columns-layout-1 wp-block-columns-is-layout-flex\">\n<div class=\"wp-block-column is-layout-flow wp-block-column-is-layout-flow\">\n<figure class=\"wp-block-image size-large is-resized\"><img decoding=\"async\" src=\"https:\/\/api.themeisle.com\/templates-data\/2021\/05\/ebf0233ced7259cf0838b7ba6d3aee07z5k5tcnu91t54ot9svkt\/images\/tc-icons-03.png\" alt=\"\" class=\"wp-image-493\" style=\"width:80px;height:80px\"\/><\/figure>\n\n\n\n<h3 class=\"wp-block-heading has-neve-text-color-color has-text-color\"><strong>\u00d6zel Yaz\u0131l\u0131m Geli\u015ftirme<\/strong><\/h3>\n\n\n\n<ul>\n<li>\u0130htiyac\u0131n\u0131za \u00f6zel uygulamalar<\/li>\n\n\n\n<li>Mobil ve masa\u00fcst\u00fc yaz\u0131l\u0131m \u00e7\u00f6z\u00fcmleri<\/li>\n\n\n\n<li>Veri analiti\u011fi ve i\u015f zekas\u0131 uygulamalar\u0131<\/li>\n<\/ul>\n<\/div>\n\n\n\n<div class=\"wp-block-column is-layout-flow wp-block-column-is-layout-flow\">\n<figure class=\"wp-block-image size-large is-resized\"><img decoding=\"async\" src=\"https:\/\/api.themeisle.com\/templates-data\/2021\/05\/ebf0233ced7259cf0838b7ba6d3aee07z5k5tcnu91t54ot9svkt\/images\/tc-icons-02.png\" alt=\"\" class=\"wp-image-492\" style=\"width:80px;height:80px\"\/><\/figure>\n\n\n\n<h3 class=\"wp-block-heading has-neve-text-color-color has-text-color\">Sistem Entegrasyonu<\/h3>\n\n\n\n<ul>\n<li>Mevcut yaz\u0131l\u0131m ve donan\u0131m sistemlerinizin entegrasyonu<\/li>\n\n\n\n<li>\u0130\u015f s\u00fcre\u00e7lerinin otomasyonu<\/li>\n\n\n\n<li>CRM ve ERP sistemleri entegrasyonu<\/li>\n<\/ul>\n<\/div>\n<\/div>\n\n\n\n<div style=\"height:20px\" aria-hidden=\"true\" class=\"wp-block-spacer\"><\/div>\n\n\n\n<div class=\"nv-cv-m wp-block-columns is-layout-flex wp-container-core-columns-layout-2 wp-block-columns-is-layout-flex\">\n<div class=\"wp-block-column is-layout-flow wp-block-column-is-layout-flow\">\n<figure class=\"wp-block-image size-large is-resized\"><img decoding=\"async\" src=\"https:\/\/api.themeisle.com\/templates-data\/2021\/05\/ebf0233ced7259cf0838b7ba6d3aee07z5k5tcnu91t54ot9svkt\/images\/tc-icons-01.png\" alt=\"\" class=\"wp-image-491\" style=\"width:80px;height:80px\"\/><\/figure>\n\n\n\n<h3 class=\"wp-block-heading has-neve-text-color-color has-text-color\">Dijital D\u00f6n\u00fc\u015f\u00fcm Dan\u0131\u015fmanl\u0131\u011f\u0131<\/h3>\n\n\n\n<ul>\n<li>Dijital strateji geli\u015ftirme<\/li>\n\n\n\n<li>Dijital pazarlama ve sosyal medya \u00e7\u00f6z\u00fcmleri<\/li>\n\n\n\n<li>E-ticaret ve online i\u015f modelleri<\/li>\n<\/ul>\n<\/div>\n\n\n\n<div class=\"wp-block-column is-layout-flow wp-block-column-is-layout-flow\">\n<figure class=\"wp-block-image size-large is-resized\"><img decoding=\"async\" src=\"https:\/\/api.themeisle.com\/templates-data\/2021\/05\/ebf0233ced7259cf0838b7ba6d3aee07z5k5tcnu91t54ot9svkt\/images\/tc-icons-03.png\" alt=\"\" class=\"wp-image-493\" style=\"width:80px;height:80px\"\/><\/figure>\n\n\n\n<h3 class=\"wp-block-heading has-neve-text-color-color has-text-color\">Yaz\u0131l\u0131m Bak\u0131m ve Destek<\/h3>\n\n\n\n<ul>\n<li>Mevcut uygulamalar i\u00e7in s\u00fcrekli destek ve bak\u0131m<\/li>\n\n\n\n<li>Sistem iyile\u015ftirmeleri ve g\u00fcncellemeler<\/li>\n\n\n\n<li>Performans optimizasyonu ve \u00f6l\u00e7eklendirme<\/li>\n<\/ul>\n<\/div>\n<\/div>\n\n\n\n<div style=\"height:100px\" aria-hidden=\"true\" class=\"wp-block-spacer\"><\/div>\n\n\n\n<div class=\"nv-cv-d nv-cv-m wp-block-cover alignfull is-light\" style=\"min-height:600px\"><span aria-hidden=\"true\" class=\"wp-block-cover__background has-nv-dark-bg-background-color has-background-dim-100 has-background-dim\"><\/span><div class=\"wp-block-cover__inner-container is-layout-flow wp-block-cover-is-layout-flow\">\n<div class=\"wp-block-columns is-layout-flex wp-container-core-columns-layout-3 wp-block-columns-is-layout-flex\">\n<div class=\"wp-block-column is-vertically-aligned-center is-layout-flow wp-block-column-is-layout-flow\" style=\"flex-basis:100%\">\n<h1 class=\"wp-block-heading has-text-align-center has-nv-text-dark-bg-color has-text-color\">\u0130\u015fbirli\u011fi F\u0131rsatlar\u0131<\/h1>\n\n\n\n<p class=\"has-text-align-center has-nv-text-dark-bg-color has-text-color\">Yaz\u0131l\u0131m ihtiya\u00e7lar\u0131n\u0131z\u0131 profesyonel bir yakla\u015f\u0131mla kar\u015f\u0131lamaya haz\u0131r\u0131z. Modern \u00e7\u00f6z\u00fcmlerimizle i\u015fletmenizi dijital \u00e7a\u011fa ta\u015f\u0131y\u0131n.<\/p>\n\n\n\n<div class=\"wp-block-buttons is-horizontal is-content-justification-center is-layout-flex wp-container-core-buttons-layout-2 wp-block-buttons-is-layout-flex\">\n<div class=\"wp-block-button is-style-secondary\"><a class=\"wp-block-button__link has-nv-text-dark-bg-color has-text-color has-link-color wp-element-button\" href=\"\/index.php\/contact-us\/\">Yaz\u0131l\u0131m Dan\u0131\u015fmanl\u0131\u011f\u0131 \u0130\u00e7in Bizimle \u0130leti\u015fime Ge\u00e7in<\/a><\/div>\n<\/div>\n<\/div>\n<\/div>\n<\/div><\/div>\n","protected":false},"excerpt":{"rendered":"<p>Gelece\u011fin \u0130\u015f D\u00fcnyas\u0131na Haz\u0131r m\u0131s\u0131n\u0131z? D\u00f6n\u00fc\u015f\u00fcm Ba\u015fl\u0131yor! Dijital d\u00f6n\u00fc\u015f\u00fcmle, i\u015fletmenizin s\u0131n\u0131rlar\u0131n\u0131 geni\u015fletin ve inovasyon ile b\u00fcy\u00fcmenin kap\u0131lar\u0131n\u0131 aralay\u0131n. Teknolojinin g\u00fcc\u00fcn\u00fc kullanarak m\u00fc\u015fteri deneyimini yeniden tan\u0131mlay\u0131n ve rekabette bir ad\u0131m \u00f6ne \u00e7\u0131k\u0131n. \u00d6zel Yaz\u0131l\u0131m Geli\u015ftirme Sistem Entegrasyonu Dijital D\u00f6n\u00fc\u015f\u00fcm Dan\u0131\u015fmanl\u0131\u011f\u0131 Yaz\u0131l\u0131m Bak\u0131m ve Destek<\/p>\n","protected":false},"author":1,"featured_media":0,"parent":69,"menu_order":4,"comment_status":"closed","ping_status":"closed","template":"","meta":{"neve_meta_sidebar":"full-width","neve_meta_container":"contained","neve_meta_enable_content_width":"on","neve_meta_content_width":100,"neve_meta_title_alignment":"","neve_meta_author_avatar":"","neve_post_elements_order":"","neve_meta_disable_header":"","neve_meta_disable_footer":"","neve_meta_disable_title":"on","neve_meta_reading_time":"","_themeisle_gutenberg_block_has_review":false,"_ti_tpc_template_sync":false,"_ti_tpc_template_id":"","footnotes":""},"yoast_head":"<!-- This site is optimized with the Yoast SEO plugin v23.0 - https:\/\/yoast.com\/wordpress\/plugins\/seo\/ -->\n<title>Yaz\u0131l\u0131m Hizmetleri - Onay Bilgisayar<\/title>\n<meta name=\"robots\" content=\"index, follow, max-snippet:-1, max-image-preview:large, max-video-preview:-1\" \/>\n<link rel=\"canonical\" href=\"https:\/\/onaybilgisayar.com\/index.php\/services\/software-services\/\" \/>\n<meta property=\"og:locale\" content=\"tr_TR\" \/>\n<meta property=\"og:type\" content=\"article\" \/>\n<meta property=\"og:title\" content=\"Yaz\u0131l\u0131m Hizmetleri - Onay Bilgisayar\" \/>\n<meta property=\"og:description\" content=\"Gelece\u011fin \u0130\u015f D\u00fcnyas\u0131na Haz\u0131r m\u0131s\u0131n\u0131z? D\u00f6n\u00fc\u015f\u00fcm Ba\u015fl\u0131yor! Dijital d\u00f6n\u00fc\u015f\u00fcmle, i\u015fletmenizin s\u0131n\u0131rlar\u0131n\u0131 geni\u015fletin ve inovasyon ile b\u00fcy\u00fcmenin kap\u0131lar\u0131n\u0131 aralay\u0131n. Teknolojinin g\u00fcc\u00fcn\u00fc kullanarak m\u00fc\u015fteri deneyimini yeniden tan\u0131mlay\u0131n ve rekabette bir ad\u0131m \u00f6ne \u00e7\u0131k\u0131n. \u00d6zel Yaz\u0131l\u0131m Geli\u015ftirme Sistem Entegrasyonu Dijital D\u00f6n\u00fc\u015f\u00fcm Dan\u0131\u015fmanl\u0131\u011f\u0131 Yaz\u0131l\u0131m Bak\u0131m ve Destek\" \/>\n<meta property=\"og:url\" content=\"https:\/\/onaybilgisayar.com\/index.php\/services\/software-services\/\" \/>\n<meta property=\"og:site_name\" content=\"Onay Bilgisayar\" \/>\n<meta property=\"article:publisher\" content=\"https:\/\/www.facebook.com\/onaybilgisayar\/?locale=tr_TR\" \/>\n<meta property=\"article:modified_time\" content=\"2024-07-03T04:11:20+00:00\" \/>\n<meta property=\"og:image\" content=\"https:\/\/api.themeisle.com\/templates-data\/2021\/05\/ebf0233ced7259cf0838b7ba6d3aee07z5k5tcnu91t54ot9svkt\/images\/neve-patterns-8.jpg\" \/>\n<meta name=\"twitter:card\" content=\"summary_large_image\" \/>\n<meta name=\"twitter:label1\" content=\"Tahmini okuma s\u00fcresi\" \/>\n\t<meta name=\"twitter:data1\" content=\"1 dakika\" \/>\n<script type=\"application\/ld+json\" class=\"yoast-schema-graph\">{\"@context\":\"https:\/\/schema.org\",\"@graph\":[{\"@type\":\"WebPage\",\"@id\":\"https:\/\/onaybilgisayar.com\/index.php\/services\/software-services\/\",\"url\":\"https:\/\/onaybilgisayar.com\/index.php\/services\/software-services\/\",\"name\":\"Yaz\u0131l\u0131m Hizmetleri - Onay Bilgisayar\",\"isPartOf\":{\"@id\":\"https:\/\/onaybilgisayar.com\/#website\"},\"primaryImageOfPage\":{\"@id\":\"https:\/\/onaybilgisayar.com\/index.php\/services\/software-services\/#primaryimage\"},\"image\":{\"@id\":\"https:\/\/onaybilgisayar.com\/index.php\/services\/software-services\/#primaryimage\"},\"thumbnailUrl\":\"https:\/\/api.themeisle.com\/templates-data\/2021\/05\/ebf0233ced7259cf0838b7ba6d3aee07z5k5tcnu91t54ot9svkt\/images\/neve-patterns-8.jpg\",\"datePublished\":\"2024-06-26T20:52:20+00:00\",\"dateModified\":\"2024-07-03T04:11:20+00:00\",\"breadcrumb\":{\"@id\":\"https:\/\/onaybilgisayar.com\/index.php\/services\/software-services\/#breadcrumb\"},\"inLanguage\":\"tr\",\"potentialAction\":[{\"@type\":\"ReadAction\",\"target\":[\"https:\/\/onaybilgisayar.com\/index.php\/services\/software-services\/\"]}]},{\"@type\":\"ImageObject\",\"inLanguage\":\"tr\",\"@id\":\"https:\/\/onaybilgisayar.com\/index.php\/services\/software-services\/#primaryimage\",\"url\":\"https:\/\/api.themeisle.com\/templates-data\/2021\/05\/ebf0233ced7259cf0838b7ba6d3aee07z5k5tcnu91t54ot9svkt\/images\/neve-patterns-8.jpg\",\"contentUrl\":\"https:\/\/api.themeisle.com\/templates-data\/2021\/05\/ebf0233ced7259cf0838b7ba6d3aee07z5k5tcnu91t54ot9svkt\/images\/neve-patterns-8.jpg\"},{\"@type\":\"BreadcrumbList\",\"@id\":\"https:\/\/onaybilgisayar.com\/index.php\/services\/software-services\/#breadcrumb\",\"itemListElement\":[{\"@type\":\"ListItem\",\"position\":1,\"name\":\"Anasayfa\",\"item\":\"https:\/\/onaybilgisayar.com\/\"},{\"@type\":\"ListItem\",\"position\":2,\"name\":\"Hizmetlerimiz\",\"item\":\"https:\/\/onaybilgisayar.com\/index.php\/services\/\"},{\"@type\":\"ListItem\",\"position\":3,\"name\":\"Yaz\u0131l\u0131m Hizmetleri\"}]},{\"@type\":\"WebSite\",\"@id\":\"https:\/\/onaybilgisayar.com\/#website\",\"url\":\"https:\/\/onaybilgisayar.com\/\",\"name\":\"Onay Bilgisayar\",\"description\":\"Bilgi Teknolojileri\",\"publisher\":{\"@id\":\"https:\/\/onaybilgisayar.com\/#organization\"},\"potentialAction\":[{\"@type\":\"SearchAction\",\"target\":{\"@type\":\"EntryPoint\",\"urlTemplate\":\"https:\/\/onaybilgisayar.com\/?s={search_term_string}\"},\"query-input\":\"required name=search_term_string\"}],\"inLanguage\":\"tr\"},{\"@type\":\"Organization\",\"@id\":\"https:\/\/onaybilgisayar.com\/#organization\",\"name\":\"Onay Bilgisayar\",\"url\":\"https:\/\/onaybilgisayar.com\/\",\"logo\":{\"@type\":\"ImageObject\",\"inLanguage\":\"tr\",\"@id\":\"https:\/\/onaybilgisayar.com\/#\/schema\/logo\/image\/\",\"url\":\"https:\/\/onaybilgisayar.com\/wp-content\/uploads\/2024\/06\/onay_bilgisayar.png\",\"contentUrl\":\"https:\/\/onaybilgisayar.com\/wp-content\/uploads\/2024\/06\/onay_bilgisayar.png\",\"width\":425,\"height\":72,\"caption\":\"Onay Bilgisayar\"},\"image\":{\"@id\":\"https:\/\/onaybilgisayar.com\/#\/schema\/logo\/image\/\"},\"sameAs\":[\"https:\/\/www.facebook.com\/onaybilgisayar\/?locale=tr_TR\",\"https:\/\/www.instagram.com\/onaybilgisayar\/\"]}]}<\/script>\n<!-- \/ Yoast SEO plugin. -->","yoast_head_json":{"title":"Yaz\u0131l\u0131m Hizmetleri - Onay Bilgisayar","robots":{"index":"index","follow":"follow","max-snippet":"max-snippet:-1","max-image-preview":"max-image-preview:large","max-video-preview":"max-video-preview:-1"},"canonical":"https:\/\/onaybilgisayar.com\/index.php\/services\/software-services\/","og_locale":"tr_TR","og_type":"article","og_title":"Yaz\u0131l\u0131m Hizmetleri - Onay Bilgisayar","og_description":"Gelece\u011fin \u0130\u015f D\u00fcnyas\u0131na Haz\u0131r m\u0131s\u0131n\u0131z? D\u00f6n\u00fc\u015f\u00fcm Ba\u015fl\u0131yor! Dijital d\u00f6n\u00fc\u015f\u00fcmle, i\u015fletmenizin s\u0131n\u0131rlar\u0131n\u0131 geni\u015fletin ve inovasyon ile b\u00fcy\u00fcmenin kap\u0131lar\u0131n\u0131 aralay\u0131n. Teknolojinin g\u00fcc\u00fcn\u00fc kullanarak m\u00fc\u015fteri deneyimini yeniden tan\u0131mlay\u0131n ve rekabette bir ad\u0131m \u00f6ne \u00e7\u0131k\u0131n. \u00d6zel Yaz\u0131l\u0131m Geli\u015ftirme Sistem Entegrasyonu Dijital D\u00f6n\u00fc\u015f\u00fcm Dan\u0131\u015fmanl\u0131\u011f\u0131 Yaz\u0131l\u0131m Bak\u0131m ve Destek","og_url":"https:\/\/onaybilgisayar.com\/index.php\/services\/software-services\/","og_site_name":"Onay Bilgisayar","article_publisher":"https:\/\/www.facebook.com\/onaybilgisayar\/?locale=tr_TR","article_modified_time":"2024-07-03T04:11:20+00:00","og_image":[{"url":"https:\/\/api.themeisle.com\/templates-data\/2021\/05\/ebf0233ced7259cf0838b7ba6d3aee07z5k5tcnu91t54ot9svkt\/images\/neve-patterns-8.jpg"}],"twitter_card":"summary_large_image","twitter_misc":{"Tahmini okuma s\u00fcresi":"1 dakika"},"schema":{"@context":"https:\/\/schema.org","@graph":[{"@type":"WebPage","@id":"https:\/\/onaybilgisayar.com\/index.php\/services\/software-services\/","url":"https:\/\/onaybilgisayar.com\/index.php\/services\/software-services\/","name":"Yaz\u0131l\u0131m Hizmetleri - Onay Bilgisayar","isPartOf":{"@id":"https:\/\/onaybilgisayar.com\/#website"},"primaryImageOfPage":{"@id":"https:\/\/onaybilgisayar.com\/index.php\/services\/software-services\/#primaryimage"},"image":{"@id":"https:\/\/onaybilgisayar.com\/index.php\/services\/software-services\/#primaryimage"},"thumbnailUrl":"https:\/\/api.themeisle.com\/templates-data\/2021\/05\/ebf0233ced7259cf0838b7ba6d3aee07z5k5tcnu91t54ot9svkt\/images\/neve-patterns-8.jpg","datePublished":"2024-06-26T20:52:20+00:00","dateModified":"2024-07-03T04:11:20+00:00","breadcrumb":{"@id":"https:\/\/onaybilgisayar.com\/index.php\/services\/software-services\/#breadcrumb"},"inLanguage":"tr","potentialAction":[{"@type":"ReadAction","target":["https:\/\/onaybilgisayar.com\/index.php\/services\/software-services\/"]}]},{"@type":"ImageObject","inLanguage":"tr","@id":"https:\/\/onaybilgisayar.com\/index.php\/services\/software-services\/#primaryimage","url":"https:\/\/api.themeisle.com\/templates-data\/2021\/05\/ebf0233ced7259cf0838b7ba6d3aee07z5k5tcnu91t54ot9svkt\/images\/neve-patterns-8.jpg","contentUrl":"https:\/\/api.themeisle.com\/templates-data\/2021\/05\/ebf0233ced7259cf0838b7ba6d3aee07z5k5tcnu91t54ot9svkt\/images\/neve-patterns-8.jpg"},{"@type":"BreadcrumbList","@id":"https:\/\/onaybilgisayar.com\/index.php\/services\/software-services\/#breadcrumb","itemListElement":[{"@type":"ListItem","position":1,"name":"Anasayfa","item":"https:\/\/onaybilgisayar.com\/"},{"@type":"ListItem","position":2,"name":"Hizmetlerimiz","item":"https:\/\/onaybilgisayar.com\/index.php\/services\/"},{"@type":"ListItem","position":3,"name":"Yaz\u0131l\u0131m Hizmetleri"}]},{"@type":"WebSite","@id":"https:\/\/onaybilgisayar.com\/#website","url":"https:\/\/onaybilgisayar.com\/","name":"Onay Bilgisayar","description":"Bilgi Teknolojileri","publisher":{"@id":"https:\/\/onaybilgisayar.com\/#organization"},"potentialAction":[{"@type":"SearchAction","target":{"@type":"EntryPoint","urlTemplate":"https:\/\/onaybilgisayar.com\/?s={search_term_string}"},"query-input":"required name=search_term_string"}],"inLanguage":"tr"},{"@type":"Organization","@id":"https:\/\/onaybilgisayar.com\/#organization","name":"Onay Bilgisayar","url":"https:\/\/onaybilgisayar.com\/","logo":{"@type":"ImageObject","inLanguage":"tr","@id":"https:\/\/onaybilgisayar.com\/#\/schema\/logo\/image\/","url":"https:\/\/onaybilgisayar.com\/wp-content\/uploads\/2024\/06\/onay_bilgisayar.png","contentUrl":"https:\/\/onaybilgisayar.com\/wp-content\/uploads\/2024\/06\/onay_bilgisayar.png","width":425,"height":72,"caption":"Onay Bilgisayar"},"image":{"@id":"https:\/\/onaybilgisayar.com\/#\/schema\/logo\/image\/"},"sameAs":["https:\/\/www.facebook.com\/onaybilgisayar\/?locale=tr_TR","https:\/\/www.instagram.com\/onaybilgisayar\/"]}]}},"_links":{"self":[{"href":"https:\/\/onaybilgisayar.com\/index.php\/wp-json\/wp\/v2\/pages\/469"}],"collection":[{"href":"https:\/\/onaybilgisayar.com\/index.php\/wp-json\/wp\/v2\/pages"}],"about":[{"href":"https:\/\/onaybilgisayar.com\/index.php\/wp-json\/wp\/v2\/types\/page"}],"author":[{"embeddable":true,"href":"https:\/\/onaybilgisayar.com\/index.php\/wp-json\/wp\/v2\/users\/1"}],"replies":[{"embeddable":true,"href":"https:\/\/onaybilgisayar.com\/index.php\/wp-json\/wp\/v2\/comments?post=469"}],"version-history":[{"count":3,"href":"https:\/\/onaybilgisayar.com\/index.php\/wp-json\/wp\/v2\/pages\/469\/revisions"}],"predecessor-version":[{"id":481,"href":"https:\/\/onaybilgisayar.com\/index.php\/wp-json\/wp\/v2\/pages\/469\/revisions\/481"}],"up":[{"embeddable":true,"href":"https:\/\/onaybilgisayar.com\/index.php\/wp-json\/wp\/v2\/pages\/69"}],"wp:attachment":[{"href":"https:\/\/onaybilgisayar.com\/index.php\/wp-json\/wp\/v2\/media?parent=469"}],"curies":[{"name":"wp","href":"https:\/\/api.w.org\/{rel}","templated":true}]}}