{"id":461,"date":"2024-06-26T20:45:34","date_gmt":"2024-06-26T20:45:34","guid":{"rendered":"https:\/\/onaybilgisayar.com\/?page_id=461"},"modified":"2024-06-26T20:47:44","modified_gmt":"2024-06-26T20:47:44","slug":"sound-and-visual-systems","status":"publish","type":"page","link":"https:\/\/onaybilgisayar.com\/index.php\/services\/sound-and-visual-systems\/","title":{"rendered":"Ses ve G\u00f6r\u00fcnt\u00fc Sistemleri"},"content":{"rendered":"\n<div class=\"wp-block-cover aligncenter is-light\"><span aria-hidden=\"true\" class=\"wp-block-cover__background has-nv-dark-bg-background-color has-background-dim-80 has-background-dim\"><\/span><img decoding=\"async\" class=\"wp-block-cover__image-background wp-image-403\" alt=\"\" src=\"https:\/\/api.themeisle.com\/templates-data\/2021\/05\/ebf0233ced7259cf0838b7ba6d3aee07z5k5tcnu91t54ot9svkt\/images\/neve-patterns-8.jpg\" data-object-fit=\"cover\"\/><div class=\"wp-block-cover__inner-container is-layout-flow wp-block-cover-is-layout-flow\">\n<div style=\"height:40px\" aria-hidden=\"true\" class=\"wp-block-spacer\"><\/div>\n\n\n\n<h2 class=\"wp-block-heading has-text-align-center has-nv-text-dark-bg-color has-text-color\">Ses ve G\u00f6r\u00fcnt\u00fc Sistemleri<\/h2>\n\n\n\n<p class=\"has-text-align-center has-nv-text-dark-bg-color has-text-color has-link-color wp-elements-85ff1cfd31c03739168bc64cff45ab71\">Kurumsal toplant\u0131lar\u0131n\u0131z ve konferanslar\u0131n\u0131z i\u00e7in kristal netlikte ses ve etkileyici g\u00f6r\u00fcnt\u00fc sistemleri sunuyoruz. Profesyonel ses ve g\u00f6r\u00fcnt\u00fc \u00e7\u00f6z\u00fcmlerimizle, her etkinli\u011finizi verimli ve unutulmaz k\u0131l\u0131n.<\/p>\n\n\n\n<div style=\"height:20px\" aria-hidden=\"true\" class=\"wp-block-spacer\"><\/div>\n\n\n\n<div class=\"wp-block-buttons is-horizontal is-content-justification-center is-layout-flex wp-container-core-buttons-layout-1 wp-block-buttons-is-layout-flex\">\n<div class=\"wp-block-button is-style-primary\"><a class=\"wp-block-button__link wp-element-button\" href=\"\/index.php\/services\/\">\u00c7\u00f6z\u00fcmlerimizi Ke\u015ffedin<\/a><\/div>\n<\/div>\n\n\n\n<div style=\"height:40px\" aria-hidden=\"true\" class=\"wp-block-spacer\"><\/div>\n<\/div><\/div>\n\n\n\n<div style=\"height:80px\" aria-hidden=\"true\" class=\"wp-block-spacer\"><\/div>\n\n\n\n<h2 class=\"wp-block-heading\"><strong>Modern ve Etkili Teknolojiler<\/strong><\/h2>\n\n\n\n<p>Profesyonel ve y\u00fcksek performansl\u0131 ses ve g\u00f6r\u00fcnt\u00fc sistemleriyle, konferans ve toplant\u0131 salonlar\u0131n\u0131za de\u011fer kat\u0131yoruz. Y\u00fcksek kaliteli mikrofonlar, net ve kesintisiz ses iletimi, geni\u015f ekran projeksiyonlar ve interaktif ekran \u00e7\u00f6z\u00fcmleri sunarak, toplant\u0131lar\u0131n\u0131z\u0131 daha etkili hale getiriyoruz.<\/p>\n\n\n\n<div style=\"height:20px\" aria-hidden=\"true\" class=\"wp-block-spacer\"><\/div>\n\n\n\n<div class=\"nv-cv-m wp-block-columns is-layout-flex wp-container-core-columns-layout-1 wp-block-columns-is-layout-flex\">\n<div class=\"wp-block-column is-layout-flow wp-block-column-is-layout-flow\">\n<figure class=\"wp-block-image size-large is-resized\"><img decoding=\"async\" src=\"https:\/\/api.themeisle.com\/templates-data\/2021\/05\/ebf0233ced7259cf0838b7ba6d3aee07z5k5tcnu91t54ot9svkt\/images\/tc-icons-03.png\" alt=\"\" class=\"wp-image-493\" style=\"width:80px;height:80px\"\/><\/figure>\n\n\n\n<h3 class=\"wp-block-heading has-neve-text-color-color has-text-color\">Ses Sistemleri<\/h3>\n\n\n\n<ul>\n<li>Uzman ses m\u00fchendisli\u011fi<\/li>\n\n\n\n<li>\u00c7ok kanall\u0131 ses sistemi kurulumlar\u0131<\/li>\n\n\n\n<li>Echo iptali ve ses iyile\u015ftirme teknolojileri<\/li>\n<\/ul>\n<\/div>\n\n\n\n<div class=\"wp-block-column is-layout-flow wp-block-column-is-layout-flow\">\n<figure class=\"wp-block-image size-large is-resized\"><img decoding=\"async\" src=\"https:\/\/api.themeisle.com\/templates-data\/2021\/05\/ebf0233ced7259cf0838b7ba6d3aee07z5k5tcnu91t54ot9svkt\/images\/tc-icons-02.png\" alt=\"\" class=\"wp-image-492\" style=\"width:80px;height:80px\"\/><\/figure>\n\n\n\n<h3 class=\"wp-block-heading has-neve-text-color-color has-text-color\">G\u00f6r\u00fcnt\u00fc ve Projeksiyon Sistemleri<\/h3>\n\n\n\n<ul>\n<li>Y\u00fcksek \u00e7\u00f6z\u00fcn\u00fcrl\u00fckl\u00fc projeksiyonlar<\/li>\n\n\n\n<li>LED duvarlar ve interaktif paneller<\/li>\n\n\n\n<li>Canl\u0131 yay\u0131n ve konferans i\u00e7in video \u00e7\u00f6z\u00fcmleri<\/li>\n<\/ul>\n<\/div>\n<\/div>\n\n\n\n<div style=\"height:20px\" aria-hidden=\"true\" class=\"wp-block-spacer\"><\/div>\n\n\n\n<div class=\"nv-cv-m wp-block-columns is-layout-flex wp-container-core-columns-layout-2 wp-block-columns-is-layout-flex\">\n<div class=\"wp-block-column is-layout-flow wp-block-column-is-layout-flow\">\n<figure class=\"wp-block-image size-large is-resized\"><img decoding=\"async\" src=\"https:\/\/api.themeisle.com\/templates-data\/2021\/05\/ebf0233ced7259cf0838b7ba6d3aee07z5k5tcnu91t54ot9svkt\/images\/tc-icons-01.png\" alt=\"\" class=\"wp-image-491\" style=\"width:80px;height:80px\"\/><\/figure>\n\n\n\n<h3 class=\"wp-block-heading has-neve-text-color-color has-text-color\">Entegre Ses ve G\u00f6r\u00fcnt\u00fc Y\u00f6netimi<\/h3>\n\n\n\n<ul>\n<li>Ak\u0131ll\u0131 salon kontrol sistemleri<\/li>\n\n\n\n<li>Uzaktan y\u00f6netim ve kontrol imkanlar\u0131<\/li>\n\n\n\n<li>\u00d6zelle\u015ftirilebilir ayarlar ve senaryolar<\/li>\n<\/ul>\n<\/div>\n\n\n\n<div class=\"wp-block-column is-layout-flow wp-block-column-is-layout-flow\">\n<figure class=\"wp-block-image size-large is-resized\"><img decoding=\"async\" src=\"https:\/\/api.themeisle.com\/templates-data\/2021\/05\/ebf0233ced7259cf0838b7ba6d3aee07z5k5tcnu91t54ot9svkt\/images\/tc-icons-03.png\" alt=\"\" class=\"wp-image-493\" style=\"width:80px;height:80px\"\/><\/figure>\n\n\n\n<h3 class=\"wp-block-heading has-neve-text-color-color has-text-color\">Kurumsal Ses ve G\u00f6r\u00fcnt\u00fc \u00c7\u00f6z\u00fcmleri<\/h3>\n\n\n\n<ul>\n<li>Konferans salonlar\u0131 i\u00e7in \u00f6zel tasarlanm\u0131\u015f ses ve g\u00f6r\u00fcnt\u00fc sistemleri<\/li>\n\n\n\n<li>\u0130htiya\u00e7lara \u00f6zel tasar\u0131m ve entegrasyon hizmetleri<\/li>\n\n\n\n<li>Uzun vadeli bak\u0131m ve destek hizmetleri<\/li>\n\n\n\n<li>Ses ve g\u00f6r\u00fcnt\u00fc kalitesini maksimize eden teknolojik yenilikler<\/li>\n<\/ul>\n<\/div>\n<\/div>\n\n\n\n<div style=\"height:100px\" aria-hidden=\"true\" class=\"wp-block-spacer\"><\/div>\n\n\n\n<div class=\"nv-cv-d nv-cv-m wp-block-cover alignfull is-light\" style=\"min-height:600px\"><span aria-hidden=\"true\" class=\"wp-block-cover__background has-nv-dark-bg-background-color has-background-dim-100 has-background-dim\"><\/span><div class=\"wp-block-cover__inner-container is-layout-flow wp-block-cover-is-layout-flow\">\n<div class=\"wp-block-columns is-layout-flex wp-container-core-columns-layout-3 wp-block-columns-is-layout-flex\">\n<div class=\"wp-block-column is-vertically-aligned-center is-layout-flow wp-block-column-is-layout-flow\" style=\"flex-basis:100%\">\n<h1 class=\"wp-block-heading has-text-align-center has-nv-text-dark-bg-color has-text-color\">\u0130\u015fbirli\u011fi F\u0131rsatlar\u0131<\/h1>\n\n\n\n<p class=\"has-text-align-center has-nv-text-dark-bg-color has-text-color\">\u0130\u015f toplant\u0131lar\u0131n\u0131z ve konferanslar\u0131n\u0131z i\u00e7in en iyi ses ve g\u00f6r\u00fcnt\u00fc sistemlerini ar\u0131yorsan\u0131z, do\u011fru yerdesiniz. Profesyonel \u00e7\u00f6z\u00fcmlerimizle, toplant\u0131lar\u0131n\u0131z\u0131 bir sonraki seviyeye ta\u015f\u0131y\u0131n.<\/p>\n\n\n\n<div class=\"wp-block-buttons is-horizontal is-content-justification-center is-layout-flex wp-container-core-buttons-layout-2 wp-block-buttons-is-layout-flex\">\n<div class=\"wp-block-button is-style-secondary\"><a class=\"wp-block-button__link has-nv-text-dark-bg-color has-text-color has-link-color wp-element-button\" href=\"\/index.php\/contact-us\/\">Profesyonel \u00c7\u00f6z\u00fcmlerimiz \u0130\u00e7in Bizimle \u0130leti\u015fime Ge\u00e7in<\/a><\/div>\n<\/div>\n<\/div>\n<\/div>\n<\/div><\/div>\n","protected":false},"excerpt":{"rendered":"<p>Modern ve Etkili Teknolojiler Profesyonel ve y\u00fcksek performansl\u0131 ses ve g\u00f6r\u00fcnt\u00fc sistemleriyle, konferans ve toplant\u0131 salonlar\u0131n\u0131za de\u011fer kat\u0131yoruz. Y\u00fcksek kaliteli mikrofonlar, net ve kesintisiz ses iletimi, geni\u015f ekran projeksiyonlar ve interaktif ekran \u00e7\u00f6z\u00fcmleri sunarak, toplant\u0131lar\u0131n\u0131z\u0131 daha etkili hale getiriyoruz. Ses Sistemleri G\u00f6r\u00fcnt\u00fc ve Projeksiyon Sistemleri Entegre Ses ve G\u00f6r\u00fcnt\u00fc Y\u00f6netimi Kurumsal Ses ve G\u00f6r\u00fcnt\u00fc \u00c7\u00f6z\u00fcmleri<\/p>\n","protected":false},"author":1,"featured_media":0,"parent":69,"menu_order":2,"comment_status":"closed","ping_status":"closed","template":"","meta":{"neve_meta_sidebar":"full-width","neve_meta_container":"contained","neve_meta_enable_content_width":"on","neve_meta_content_width":100,"neve_meta_title_alignment":"","neve_meta_author_avatar":"","neve_post_elements_order":"","neve_meta_disable_header":"","neve_meta_disable_footer":"","neve_meta_disable_title":"on","neve_meta_reading_time":"","_themeisle_gutenberg_block_has_review":false,"_ti_tpc_template_sync":false,"_ti_tpc_template_id":"","footnotes":""},"yoast_head":"<!-- This site is optimized with the Yoast SEO plugin v23.0 - https:\/\/yoast.com\/wordpress\/plugins\/seo\/ -->\n<title>Ses ve G\u00f6r\u00fcnt\u00fc Sistemleri - Onay Bilgisayar<\/title>\n<meta name=\"robots\" content=\"index, follow, max-snippet:-1, max-image-preview:large, max-video-preview:-1\" \/>\n<link rel=\"canonical\" href=\"https:\/\/onaybilgisayar.com\/index.php\/services\/sound-and-visual-systems\/\" \/>\n<meta property=\"og:locale\" content=\"tr_TR\" \/>\n<meta property=\"og:type\" content=\"article\" \/>\n<meta property=\"og:title\" content=\"Ses ve G\u00f6r\u00fcnt\u00fc Sistemleri - Onay Bilgisayar\" \/>\n<meta property=\"og:description\" content=\"Modern ve Etkili Teknolojiler Profesyonel ve y\u00fcksek performansl\u0131 ses ve g\u00f6r\u00fcnt\u00fc sistemleriyle, konferans ve toplant\u0131 salonlar\u0131n\u0131za de\u011fer kat\u0131yoruz. Y\u00fcksek kaliteli mikrofonlar, net ve kesintisiz ses iletimi, geni\u015f ekran projeksiyonlar ve interaktif ekran \u00e7\u00f6z\u00fcmleri sunarak, toplant\u0131lar\u0131n\u0131z\u0131 daha etkili hale getiriyoruz. Ses Sistemleri G\u00f6r\u00fcnt\u00fc ve Projeksiyon Sistemleri Entegre Ses ve G\u00f6r\u00fcnt\u00fc Y\u00f6netimi Kurumsal Ses ve G\u00f6r\u00fcnt\u00fc \u00c7\u00f6z\u00fcmleri\" \/>\n<meta property=\"og:url\" content=\"https:\/\/onaybilgisayar.com\/index.php\/services\/sound-and-visual-systems\/\" \/>\n<meta property=\"og:site_name\" content=\"Onay Bilgisayar\" \/>\n<meta property=\"article:publisher\" content=\"https:\/\/www.facebook.com\/onaybilgisayar\/?locale=tr_TR\" \/>\n<meta property=\"article:modified_time\" content=\"2024-06-26T20:47:44+00:00\" \/>\n<meta property=\"og:image\" content=\"https:\/\/api.themeisle.com\/templates-data\/2021\/05\/ebf0233ced7259cf0838b7ba6d3aee07z5k5tcnu91t54ot9svkt\/images\/neve-patterns-8.jpg\" \/>\n<meta name=\"twitter:card\" content=\"summary_large_image\" \/>\n<meta name=\"twitter:label1\" content=\"Tahmini okuma s\u00fcresi\" \/>\n\t<meta name=\"twitter:data1\" content=\"1 dakika\" \/>\n<script type=\"application\/ld+json\" class=\"yoast-schema-graph\">{\"@context\":\"https:\/\/schema.org\",\"@graph\":[{\"@type\":\"WebPage\",\"@id\":\"https:\/\/onaybilgisayar.com\/index.php\/services\/sound-and-visual-systems\/\",\"url\":\"https:\/\/onaybilgisayar.com\/index.php\/services\/sound-and-visual-systems\/\",\"name\":\"Ses ve G\u00f6r\u00fcnt\u00fc Sistemleri - Onay Bilgisayar\",\"isPartOf\":{\"@id\":\"https:\/\/onaybilgisayar.com\/#website\"},\"primaryImageOfPage\":{\"@id\":\"https:\/\/onaybilgisayar.com\/index.php\/services\/sound-and-visual-systems\/#primaryimage\"},\"image\":{\"@id\":\"https:\/\/onaybilgisayar.com\/index.php\/services\/sound-and-visual-systems\/#primaryimage\"},\"thumbnailUrl\":\"https:\/\/api.themeisle.com\/templates-data\/2021\/05\/ebf0233ced7259cf0838b7ba6d3aee07z5k5tcnu91t54ot9svkt\/images\/neve-patterns-8.jpg\",\"datePublished\":\"2024-06-26T20:45:34+00:00\",\"dateModified\":\"2024-06-26T20:47:44+00:00\",\"breadcrumb\":{\"@id\":\"https:\/\/onaybilgisayar.com\/index.php\/services\/sound-and-visual-systems\/#breadcrumb\"},\"inLanguage\":\"tr\",\"potentialAction\":[{\"@type\":\"ReadAction\",\"target\":[\"https:\/\/onaybilgisayar.com\/index.php\/services\/sound-and-visual-systems\/\"]}]},{\"@type\":\"ImageObject\",\"inLanguage\":\"tr\",\"@id\":\"https:\/\/onaybilgisayar.com\/index.php\/services\/sound-and-visual-systems\/#primaryimage\",\"url\":\"https:\/\/api.themeisle.com\/templates-data\/2021\/05\/ebf0233ced7259cf0838b7ba6d3aee07z5k5tcnu91t54ot9svkt\/images\/neve-patterns-8.jpg\",\"contentUrl\":\"https:\/\/api.themeisle.com\/templates-data\/2021\/05\/ebf0233ced7259cf0838b7ba6d3aee07z5k5tcnu91t54ot9svkt\/images\/neve-patterns-8.jpg\"},{\"@type\":\"BreadcrumbList\",\"@id\":\"https:\/\/onaybilgisayar.com\/index.php\/services\/sound-and-visual-systems\/#breadcrumb\",\"itemListElement\":[{\"@type\":\"ListItem\",\"position\":1,\"name\":\"Anasayfa\",\"item\":\"https:\/\/onaybilgisayar.com\/\"},{\"@type\":\"ListItem\",\"position\":2,\"name\":\"Hizmetlerimiz\",\"item\":\"https:\/\/onaybilgisayar.com\/index.php\/services\/\"},{\"@type\":\"ListItem\",\"position\":3,\"name\":\"Ses ve G\u00f6r\u00fcnt\u00fc Sistemleri\"}]},{\"@type\":\"WebSite\",\"@id\":\"https:\/\/onaybilgisayar.com\/#website\",\"url\":\"https:\/\/onaybilgisayar.com\/\",\"name\":\"Onay Bilgisayar\",\"description\":\"Bilgi Teknolojileri\",\"publisher\":{\"@id\":\"https:\/\/onaybilgisayar.com\/#organization\"},\"potentialAction\":[{\"@type\":\"SearchAction\",\"target\":{\"@type\":\"EntryPoint\",\"urlTemplate\":\"https:\/\/onaybilgisayar.com\/?s={search_term_string}\"},\"query-input\":\"required name=search_term_string\"}],\"inLanguage\":\"tr\"},{\"@type\":\"Organization\",\"@id\":\"https:\/\/onaybilgisayar.com\/#organization\",\"name\":\"Onay Bilgisayar\",\"url\":\"https:\/\/onaybilgisayar.com\/\",\"logo\":{\"@type\":\"ImageObject\",\"inLanguage\":\"tr\",\"@id\":\"https:\/\/onaybilgisayar.com\/#\/schema\/logo\/image\/\",\"url\":\"https:\/\/onaybilgisayar.com\/wp-content\/uploads\/2024\/06\/onay_bilgisayar.png\",\"contentUrl\":\"https:\/\/onaybilgisayar.com\/wp-content\/uploads\/2024\/06\/onay_bilgisayar.png\",\"width\":425,\"height\":72,\"caption\":\"Onay Bilgisayar\"},\"image\":{\"@id\":\"https:\/\/onaybilgisayar.com\/#\/schema\/logo\/image\/\"},\"sameAs\":[\"https:\/\/www.facebook.com\/onaybilgisayar\/?locale=tr_TR\",\"https:\/\/www.instagram.com\/onaybilgisayar\/\"]}]}<\/script>\n<!-- \/ Yoast SEO plugin. -->","yoast_head_json":{"title":"Ses ve G\u00f6r\u00fcnt\u00fc Sistemleri - Onay Bilgisayar","robots":{"index":"index","follow":"follow","max-snippet":"max-snippet:-1","max-image-preview":"max-image-preview:large","max-video-preview":"max-video-preview:-1"},"canonical":"https:\/\/onaybilgisayar.com\/index.php\/services\/sound-and-visual-systems\/","og_locale":"tr_TR","og_type":"article","og_title":"Ses ve G\u00f6r\u00fcnt\u00fc Sistemleri - Onay Bilgisayar","og_description":"Modern ve Etkili Teknolojiler Profesyonel ve y\u00fcksek performansl\u0131 ses ve g\u00f6r\u00fcnt\u00fc sistemleriyle, konferans ve toplant\u0131 salonlar\u0131n\u0131za de\u011fer kat\u0131yoruz. Y\u00fcksek kaliteli mikrofonlar, net ve kesintisiz ses iletimi, geni\u015f ekran projeksiyonlar ve interaktif ekran \u00e7\u00f6z\u00fcmleri sunarak, toplant\u0131lar\u0131n\u0131z\u0131 daha etkili hale getiriyoruz. Ses Sistemleri G\u00f6r\u00fcnt\u00fc ve Projeksiyon Sistemleri Entegre Ses ve G\u00f6r\u00fcnt\u00fc Y\u00f6netimi Kurumsal Ses ve G\u00f6r\u00fcnt\u00fc \u00c7\u00f6z\u00fcmleri","og_url":"https:\/\/onaybilgisayar.com\/index.php\/services\/sound-and-visual-systems\/","og_site_name":"Onay Bilgisayar","article_publisher":"https:\/\/www.facebook.com\/onaybilgisayar\/?locale=tr_TR","article_modified_time":"2024-06-26T20:47:44+00:00","og_image":[{"url":"https:\/\/api.themeisle.com\/templates-data\/2021\/05\/ebf0233ced7259cf0838b7ba6d3aee07z5k5tcnu91t54ot9svkt\/images\/neve-patterns-8.jpg"}],"twitter_card":"summary_large_image","twitter_misc":{"Tahmini okuma s\u00fcresi":"1 dakika"},"schema":{"@context":"https:\/\/schema.org","@graph":[{"@type":"WebPage","@id":"https:\/\/onaybilgisayar.com\/index.php\/services\/sound-and-visual-systems\/","url":"https:\/\/onaybilgisayar.com\/index.php\/services\/sound-and-visual-systems\/","name":"Ses ve G\u00f6r\u00fcnt\u00fc Sistemleri - Onay Bilgisayar","isPartOf":{"@id":"https:\/\/onaybilgisayar.com\/#website"},"primaryImageOfPage":{"@id":"https:\/\/onaybilgisayar.com\/index.php\/services\/sound-and-visual-systems\/#primaryimage"},"image":{"@id":"https:\/\/onaybilgisayar.com\/index.php\/services\/sound-and-visual-systems\/#primaryimage"},"thumbnailUrl":"https:\/\/api.themeisle.com\/templates-data\/2021\/05\/ebf0233ced7259cf0838b7ba6d3aee07z5k5tcnu91t54ot9svkt\/images\/neve-patterns-8.jpg","datePublished":"2024-06-26T20:45:34+00:00","dateModified":"2024-06-26T20:47:44+00:00","breadcrumb":{"@id":"https:\/\/onaybilgisayar.com\/index.php\/services\/sound-and-visual-systems\/#breadcrumb"},"inLanguage":"tr","potentialAction":[{"@type":"ReadAction","target":["https:\/\/onaybilgisayar.com\/index.php\/services\/sound-and-visual-systems\/"]}]},{"@type":"ImageObject","inLanguage":"tr","@id":"https:\/\/onaybilgisayar.com\/index.php\/services\/sound-and-visual-systems\/#primaryimage","url":"https:\/\/api.themeisle.com\/templates-data\/2021\/05\/ebf0233ced7259cf0838b7ba6d3aee07z5k5tcnu91t54ot9svkt\/images\/neve-patterns-8.jpg","contentUrl":"https:\/\/api.themeisle.com\/templates-data\/2021\/05\/ebf0233ced7259cf0838b7ba6d3aee07z5k5tcnu91t54ot9svkt\/images\/neve-patterns-8.jpg"},{"@type":"BreadcrumbList","@id":"https:\/\/onaybilgisayar.com\/index.php\/services\/sound-and-visual-systems\/#breadcrumb","itemListElement":[{"@type":"ListItem","position":1,"name":"Anasayfa","item":"https:\/\/onaybilgisayar.com\/"},{"@type":"ListItem","position":2,"name":"Hizmetlerimiz","item":"https:\/\/onaybilgisayar.com\/index.php\/services\/"},{"@type":"ListItem","position":3,"name":"Ses ve G\u00f6r\u00fcnt\u00fc Sistemleri"}]},{"@type":"WebSite","@id":"https:\/\/onaybilgisayar.com\/#website","url":"https:\/\/onaybilgisayar.com\/","name":"Onay Bilgisayar","description":"Bilgi Teknolojileri","publisher":{"@id":"https:\/\/onaybilgisayar.com\/#organization"},"potentialAction":[{"@type":"SearchAction","target":{"@type":"EntryPoint","urlTemplate":"https:\/\/onaybilgisayar.com\/?s={search_term_string}"},"query-input":"required name=search_term_string"}],"inLanguage":"tr"},{"@type":"Organization","@id":"https:\/\/onaybilgisayar.com\/#organization","name":"Onay Bilgisayar","url":"https:\/\/onaybilgisayar.com\/","logo":{"@type":"ImageObject","inLanguage":"tr","@id":"https:\/\/onaybilgisayar.com\/#\/schema\/logo\/image\/","url":"https:\/\/onaybilgisayar.com\/wp-content\/uploads\/2024\/06\/onay_bilgisayar.png","contentUrl":"https:\/\/onaybilgisayar.com\/wp-content\/uploads\/2024\/06\/onay_bilgisayar.png","width":425,"height":72,"caption":"Onay Bilgisayar"},"image":{"@id":"https:\/\/onaybilgisayar.com\/#\/schema\/logo\/image\/"},"sameAs":["https:\/\/www.facebook.com\/onaybilgisayar\/?locale=tr_TR","https:\/\/www.instagram.com\/onaybilgisayar\/"]}]}},"_links":{"self":[{"href":"https:\/\/onaybilgisayar.com\/index.php\/wp-json\/wp\/v2\/pages\/461"}],"collection":[{"href":"https:\/\/onaybilgisayar.com\/index.php\/wp-json\/wp\/v2\/pages"}],"about":[{"href":"https:\/\/onaybilgisayar.com\/index.php\/wp-json\/wp\/v2\/types\/page"}],"author":[{"embeddable":true,"href":"https:\/\/onaybilgisayar.com\/index.php\/wp-json\/wp\/v2\/users\/1"}],"replies":[{"embeddable":true,"href":"https:\/\/onaybilgisayar.com\/index.php\/wp-json\/wp\/v2\/comments?post=461"}],"version-history":[{"count":4,"href":"https:\/\/onaybilgisayar.com\/index.php\/wp-json\/wp\/v2\/pages\/461\/revisions"}],"predecessor-version":[{"id":466,"href":"https:\/\/onaybilgisayar.com\/index.php\/wp-json\/wp\/v2\/pages\/461\/revisions\/466"}],"up":[{"embeddable":true,"href":"https:\/\/onaybilgisayar.com\/index.php\/wp-json\/wp\/v2\/pages\/69"}],"wp:attachment":[{"href":"https:\/\/onaybilgisayar.com\/index.php\/wp-json\/wp\/v2\/media?parent=461"}],"curies":[{"name":"wp","href":"https:\/\/api.w.org\/{rel}","templated":true}]}}