{"id":437,"date":"2024-06-26T20:11:24","date_gmt":"2024-06-26T20:11:24","guid":{"rendered":"https:\/\/onaybilgisayar.com\/?page_id=437"},"modified":"2024-06-26T20:40:00","modified_gmt":"2024-06-26T20:40:00","slug":"security-systems","status":"publish","type":"page","link":"https:\/\/onaybilgisayar.com\/index.php\/services\/security-systems\/","title":{"rendered":"G\u00fcvenlik Sistemleri"},"content":{"rendered":"\n<div class=\"wp-block-cover aligncenter is-light\"><span aria-hidden=\"true\" class=\"wp-block-cover__background has-nv-dark-bg-background-color has-background-dim-80 has-background-dim\"><\/span><img decoding=\"async\" class=\"wp-block-cover__image-background wp-image-403\" alt=\"\" src=\"https:\/\/api.themeisle.com\/templates-data\/2021\/05\/ebf0233ced7259cf0838b7ba6d3aee07z5k5tcnu91t54ot9svkt\/images\/neve-patterns-8.jpg\" data-object-fit=\"cover\"\/><div class=\"wp-block-cover__inner-container is-layout-flow wp-block-cover-is-layout-flow\">\n<div style=\"height:40px\" aria-hidden=\"true\" class=\"wp-block-spacer\"><\/div>\n\n\n\n<h2 class=\"wp-block-heading has-text-align-center has-nv-text-dark-bg-color has-text-color\">G\u00fcvenlik \u00c7\u00f6z\u00fcmlerimiz<\/h2>\n\n\n\n<p class=\"has-text-align-center has-nv-text-dark-bg-color has-text-color has-link-color wp-elements-b0397bb05326ac3abbc3dac47a17822b\">G\u00fcvenlik sistemlerindeki uzmanl\u0131\u011f\u0131m\u0131z ve geni\u015f \u00fcr\u00fcn yelpazemizle, her t\u00fcrl\u00fc ihtiyaca y\u00f6nelik \u00e7\u00f6z\u00fcmler sunuyoruz. AHD, CVI, SDI ve IP sistemlerde iddial\u0131 ve tecr\u00fcbeli yakla\u015f\u0131mlar\u0131m\u0131zla sizlere hizmet veriyoruz.<\/p>\n\n\n\n<div style=\"height:20px\" aria-hidden=\"true\" class=\"wp-block-spacer\"><\/div>\n\n\n\n<div class=\"wp-block-buttons is-horizontal is-content-justification-center is-layout-flex wp-container-core-buttons-layout-1 wp-block-buttons-is-layout-flex\">\n<div class=\"wp-block-button is-style-primary\"><a class=\"wp-block-button__link wp-element-button\" href=\"\/index.php\/services\/\">Hizmetlerimizi Ke\u015ffedin<\/a><\/div>\n<\/div>\n\n\n\n<div style=\"height:40px\" aria-hidden=\"true\" class=\"wp-block-spacer\"><\/div>\n<\/div><\/div>\n\n\n\n<div style=\"height:80px\" aria-hidden=\"true\" class=\"wp-block-spacer\"><\/div>\n\n\n\n<h2 class=\"wp-block-heading\">Geli\u015fmi\u015f G\u00fcvenlik Teknolojileri<\/h2>\n\n\n\n<p>G\u00fcvenlik sistemleri konusunda kendimizi s\u00fcrekli geli\u015ftiriyoruz. En yeni AHD, CVI, SDI ve IP kamera sistemleriyle, i\u015f yeriniz veya eviniz i\u00e7in tam koruma sa\u011fl\u0131yoruz. \u0130nternet \u00fczerinden kesintisiz ve \u00fccretsiz 7\/24 canl\u0131 izleme \u00f6zelli\u011fiyle, g\u00fcvenli\u011finizi her zaman kontrol alt\u0131nda tutun. En uygun fiyatlar ve \u00fcst\u00fcn kurulum garantisiyle g\u00fcvenli\u011finizi bir \u00fcst seviyeye ta\u015f\u0131y\u0131n.<\/p>\n\n\n\n<div style=\"height:20px\" aria-hidden=\"true\" class=\"wp-block-spacer\"><\/div>\n\n\n\n<div class=\"nv-cv-m wp-block-columns is-layout-flex wp-container-core-columns-layout-1 wp-block-columns-is-layout-flex\">\n<div class=\"wp-block-column is-layout-flow wp-block-column-is-layout-flow\">\n<figure class=\"wp-block-image size-large is-resized\"><img decoding=\"async\" src=\"https:\/\/api.themeisle.com\/templates-data\/2021\/05\/ebf0233ced7259cf0838b7ba6d3aee07z5k5tcnu91t54ot9svkt\/images\/tc-icons-03.png\" alt=\"\" class=\"wp-image-493\" style=\"width:80px;height:80px\"\/><\/figure>\n\n\n\n<h3 class=\"wp-block-heading has-neve-text-color-color has-text-color\">Kamera Sistemleri<\/h3>\n\n\n\n<ul>\n<li>Geni\u015f \u00e7e\u015fitlilikte kamera ve kay\u0131t cihazlar\u0131<\/li>\n\n\n\n<li>Kolay kullan\u0131ml\u0131 aray\u00fczler ve uzaktan eri\u015fim<\/li>\n\n\n\n<li>Bina ve \u0130\u015fyerleri G\u00fcvenlik Sistemi Kurulumu<\/li>\n\n\n\n<li>Kurulu G\u00fcvelik Sistemi Bak\u0131m Anla\u015fmas\u0131<\/li>\n\n\n\n<li>PTZ ve G\u00f6r\u00fcnt\u00fcl\u00fc Takip Sistemleri Kurulumu<\/li>\n<\/ul>\n<\/div>\n\n\n\n<div class=\"wp-block-column is-layout-flow wp-block-column-is-layout-flow\">\n<figure class=\"wp-block-image size-large is-resized\"><img decoding=\"async\" src=\"https:\/\/api.themeisle.com\/templates-data\/2021\/05\/ebf0233ced7259cf0838b7ba6d3aee07z5k5tcnu91t54ot9svkt\/images\/tc-icons-02.png\" alt=\"\" class=\"wp-image-492\" style=\"width:80px;height:80px\"\/><\/figure>\n\n\n\n<h3 class=\"wp-block-heading has-neve-text-color-color has-text-color\">Kay\u0131t ve \u0130zleme<\/h3>\n\n\n\n<ul>\n<li>G\u00fcvenilir kay\u0131t cihazlar\u0131<\/li>\n\n\n\n<li>Uzaktan izleme ve eri\u015fim<\/li>\n\n\n\n<li>Y\u00fcksek \u00e7\u00f6z\u00fcn\u00fcrl\u00fckl\u00fc g\u00f6r\u00fcnt\u00fcleme ve kay\u0131t<\/li>\n\n\n\n<li>Hareket alg\u0131lama ve anl\u0131k bildirim sistemleri<\/li>\n\n\n\n<li>Eri\u015fim kay\u0131tlar\u0131 ve izleme i\u00e7in entegre \u00e7\u00f6z\u00fcmler<\/li>\n<\/ul>\n<\/div>\n<\/div>\n\n\n\n<div style=\"height:20px\" aria-hidden=\"true\" class=\"wp-block-spacer\"><\/div>\n\n\n\n<div class=\"nv-cv-m wp-block-columns is-layout-flex wp-container-core-columns-layout-2 wp-block-columns-is-layout-flex\">\n<div class=\"wp-block-column is-layout-flow wp-block-column-is-layout-flow\">\n<figure class=\"wp-block-image size-large is-resized\"><img decoding=\"async\" src=\"https:\/\/api.themeisle.com\/templates-data\/2021\/05\/ebf0233ced7259cf0838b7ba6d3aee07z5k5tcnu91t54ot9svkt\/images\/tc-icons-01.png\" alt=\"\" class=\"wp-image-491\" style=\"width:80px;height:80px\"\/><\/figure>\n\n\n\n<h3 class=\"wp-block-heading has-neve-text-color-color has-text-color\">\u00dccretsiz Ke\u015fif ve Kurulum<\/h3>\n\n\n\n<ul>\n<li>\u00dccretsiz ke\u015fif hizmeti<\/li>\n\n\n\n<li>Profesyonel kurulum ve teknik destek<\/li>\n\n\n\n<li>\u00dcr\u00fcn ve hizmet garantisi<\/li>\n<\/ul>\n<\/div>\n\n\n\n<div class=\"wp-block-column is-layout-flow wp-block-column-is-layout-flow\">\n<figure class=\"wp-block-image size-large is-resized\"><img decoding=\"async\" src=\"https:\/\/api.themeisle.com\/templates-data\/2021\/05\/ebf0233ced7259cf0838b7ba6d3aee07z5k5tcnu91t54ot9svkt\/images\/tc-icons-03.png\" alt=\"\" class=\"wp-image-493\" style=\"width:80px;height:80px\"\/><\/figure>\n\n\n\n<h3 class=\"wp-block-heading has-neve-text-color-color has-text-color\">Eri\u015fim Kontrol Sistemleri<\/h3>\n\n\n\n<ul>\n<li>Ziyaret\u00e7i ve personel eri\u015fim y\u00f6netimi<\/li>\n\n\n\n<li>Biyometrik ve kartl\u0131 ge\u00e7i\u015f sistemleri<\/li>\n\n\n\n<li>G\u00fcvenli ve \u00f6zelle\u015ftirilebilir eri\u015fim politikalar\u0131<\/li>\n<\/ul>\n<\/div>\n<\/div>\n\n\n\n<div style=\"height:100px\" aria-hidden=\"true\" class=\"wp-block-spacer\"><\/div>\n\n\n\n<div class=\"nv-cv-d nv-cv-m wp-block-cover alignfull is-light\" style=\"min-height:600px\"><span aria-hidden=\"true\" class=\"wp-block-cover__background has-nv-dark-bg-background-color has-background-dim-100 has-background-dim\"><\/span><div class=\"wp-block-cover__inner-container is-layout-flow wp-block-cover-is-layout-flow\">\n<div class=\"wp-block-columns is-layout-flex wp-container-core-columns-layout-3 wp-block-columns-is-layout-flex\">\n<div class=\"wp-block-column is-vertically-aligned-center is-layout-flow wp-block-column-is-layout-flow\" style=\"flex-basis:100%\">\n<h1 class=\"wp-block-heading has-text-align-center has-nv-text-dark-bg-color has-text-color\">\u0130\u015fbirli\u011fi F\u0131rsatlar\u0131<\/h1>\n\n\n\n<p class=\"has-text-align-center has-nv-text-dark-bg-color has-text-color\">G\u00fcvenli\u011finiz bizim i\u00e7in \u00f6nemli. Profesyonel g\u00fcvenlik sistemlerimizle tan\u0131\u015f\u0131n ve fark\u0131 hissedin.<\/p>\n\n\n\n<div class=\"wp-block-buttons is-horizontal is-content-justification-center is-layout-flex wp-container-core-buttons-layout-2 wp-block-buttons-is-layout-flex\">\n<div class=\"wp-block-button is-style-secondary\"><a class=\"wp-block-button__link has-nv-text-dark-bg-color has-text-color has-link-color wp-element-button\" href=\"\/index.php\/contact-us\/\">\u00dccretsiz Ke\u015fif \u0130\u00e7in Bizimle \u0130leti\u015fime Ge\u00e7in<\/a><\/div>\n<\/div>\n<\/div>\n<\/div>\n<\/div><\/div>\n","protected":false},"excerpt":{"rendered":"<p>Geli\u015fmi\u015f G\u00fcvenlik Teknolojileri G\u00fcvenlik sistemleri konusunda kendimizi s\u00fcrekli geli\u015ftiriyoruz. En yeni AHD, CVI, SDI ve IP kamera sistemleriyle, i\u015f yeriniz veya eviniz i\u00e7in tam koruma sa\u011fl\u0131yoruz. \u0130nternet \u00fczerinden kesintisiz ve \u00fccretsiz 7\/24 canl\u0131 izleme \u00f6zelli\u011fiyle, g\u00fcvenli\u011finizi her zaman kontrol alt\u0131nda tutun. En uygun fiyatlar ve \u00fcst\u00fcn kurulum garantisiyle g\u00fcvenli\u011finizi bir \u00fcst seviyeye ta\u015f\u0131y\u0131n. Kamera Sistemleri&hellip;&nbsp;<a href=\"https:\/\/onaybilgisayar.com\/index.php\/services\/security-systems\/\" rel=\"bookmark\">Read More &raquo;<span class=\"screen-reader-text\">G\u00fcvenlik Sistemleri<\/span><\/a><\/p>\n","protected":false},"author":1,"featured_media":0,"parent":69,"menu_order":0,"comment_status":"closed","ping_status":"closed","template":"","meta":{"neve_meta_sidebar":"full-width","neve_meta_container":"contained","neve_meta_enable_content_width":"on","neve_meta_content_width":100,"neve_meta_title_alignment":"","neve_meta_author_avatar":"","neve_post_elements_order":"","neve_meta_disable_header":"","neve_meta_disable_footer":"","neve_meta_disable_title":"on","neve_meta_reading_time":"","_themeisle_gutenberg_block_has_review":false,"_ti_tpc_template_sync":false,"_ti_tpc_template_id":"","footnotes":""},"yoast_head":"<!-- This site is optimized with the Yoast SEO plugin v23.0 - https:\/\/yoast.com\/wordpress\/plugins\/seo\/ -->\n<title>G\u00fcvenlik Sistemleri - Onay Bilgisayar<\/title>\n<meta name=\"robots\" content=\"index, follow, max-snippet:-1, max-image-preview:large, max-video-preview:-1\" \/>\n<link rel=\"canonical\" href=\"https:\/\/onaybilgisayar.com\/index.php\/services\/security-systems\/\" \/>\n<meta property=\"og:locale\" content=\"tr_TR\" \/>\n<meta property=\"og:type\" content=\"article\" \/>\n<meta property=\"og:title\" content=\"G\u00fcvenlik Sistemleri - Onay Bilgisayar\" \/>\n<meta property=\"og:description\" content=\"Geli\u015fmi\u015f G\u00fcvenlik Teknolojileri G\u00fcvenlik sistemleri konusunda kendimizi s\u00fcrekli geli\u015ftiriyoruz. En yeni AHD, CVI, SDI ve IP kamera sistemleriyle, i\u015f yeriniz veya eviniz i\u00e7in tam koruma sa\u011fl\u0131yoruz. \u0130nternet \u00fczerinden kesintisiz ve \u00fccretsiz 7\/24 canl\u0131 izleme \u00f6zelli\u011fiyle, g\u00fcvenli\u011finizi her zaman kontrol alt\u0131nda tutun. En uygun fiyatlar ve \u00fcst\u00fcn kurulum garantisiyle g\u00fcvenli\u011finizi bir \u00fcst seviyeye ta\u015f\u0131y\u0131n. Kamera Sistemleri&hellip;&nbsp;Read More &raquo;G\u00fcvenlik Sistemleri\" \/>\n<meta property=\"og:url\" content=\"https:\/\/onaybilgisayar.com\/index.php\/services\/security-systems\/\" \/>\n<meta property=\"og:site_name\" content=\"Onay Bilgisayar\" \/>\n<meta property=\"article:publisher\" content=\"https:\/\/www.facebook.com\/onaybilgisayar\/?locale=tr_TR\" \/>\n<meta property=\"article:modified_time\" content=\"2024-06-26T20:40:00+00:00\" \/>\n<meta property=\"og:image\" content=\"https:\/\/api.themeisle.com\/templates-data\/2021\/05\/ebf0233ced7259cf0838b7ba6d3aee07z5k5tcnu91t54ot9svkt\/images\/neve-patterns-8.jpg\" \/>\n<meta name=\"twitter:card\" content=\"summary_large_image\" \/>\n<meta name=\"twitter:label1\" content=\"Tahmini okuma s\u00fcresi\" \/>\n\t<meta name=\"twitter:data1\" content=\"1 dakika\" \/>\n<script type=\"application\/ld+json\" class=\"yoast-schema-graph\">{\"@context\":\"https:\/\/schema.org\",\"@graph\":[{\"@type\":\"WebPage\",\"@id\":\"https:\/\/onaybilgisayar.com\/index.php\/services\/security-systems\/\",\"url\":\"https:\/\/onaybilgisayar.com\/index.php\/services\/security-systems\/\",\"name\":\"G\u00fcvenlik Sistemleri - Onay Bilgisayar\",\"isPartOf\":{\"@id\":\"https:\/\/onaybilgisayar.com\/#website\"},\"primaryImageOfPage\":{\"@id\":\"https:\/\/onaybilgisayar.com\/index.php\/services\/security-systems\/#primaryimage\"},\"image\":{\"@id\":\"https:\/\/onaybilgisayar.com\/index.php\/services\/security-systems\/#primaryimage\"},\"thumbnailUrl\":\"https:\/\/api.themeisle.com\/templates-data\/2021\/05\/ebf0233ced7259cf0838b7ba6d3aee07z5k5tcnu91t54ot9svkt\/images\/neve-patterns-8.jpg\",\"datePublished\":\"2024-06-26T20:11:24+00:00\",\"dateModified\":\"2024-06-26T20:40:00+00:00\",\"breadcrumb\":{\"@id\":\"https:\/\/onaybilgisayar.com\/index.php\/services\/security-systems\/#breadcrumb\"},\"inLanguage\":\"tr\",\"potentialAction\":[{\"@type\":\"ReadAction\",\"target\":[\"https:\/\/onaybilgisayar.com\/index.php\/services\/security-systems\/\"]}]},{\"@type\":\"ImageObject\",\"inLanguage\":\"tr\",\"@id\":\"https:\/\/onaybilgisayar.com\/index.php\/services\/security-systems\/#primaryimage\",\"url\":\"https:\/\/api.themeisle.com\/templates-data\/2021\/05\/ebf0233ced7259cf0838b7ba6d3aee07z5k5tcnu91t54ot9svkt\/images\/neve-patterns-8.jpg\",\"contentUrl\":\"https:\/\/api.themeisle.com\/templates-data\/2021\/05\/ebf0233ced7259cf0838b7ba6d3aee07z5k5tcnu91t54ot9svkt\/images\/neve-patterns-8.jpg\"},{\"@type\":\"BreadcrumbList\",\"@id\":\"https:\/\/onaybilgisayar.com\/index.php\/services\/security-systems\/#breadcrumb\",\"itemListElement\":[{\"@type\":\"ListItem\",\"position\":1,\"name\":\"Anasayfa\",\"item\":\"https:\/\/onaybilgisayar.com\/\"},{\"@type\":\"ListItem\",\"position\":2,\"name\":\"Hizmetlerimiz\",\"item\":\"https:\/\/onaybilgisayar.com\/index.php\/services\/\"},{\"@type\":\"ListItem\",\"position\":3,\"name\":\"G\u00fcvenlik Sistemleri\"}]},{\"@type\":\"WebSite\",\"@id\":\"https:\/\/onaybilgisayar.com\/#website\",\"url\":\"https:\/\/onaybilgisayar.com\/\",\"name\":\"Onay Bilgisayar\",\"description\":\"Bilgi Teknolojileri\",\"publisher\":{\"@id\":\"https:\/\/onaybilgisayar.com\/#organization\"},\"potentialAction\":[{\"@type\":\"SearchAction\",\"target\":{\"@type\":\"EntryPoint\",\"urlTemplate\":\"https:\/\/onaybilgisayar.com\/?s={search_term_string}\"},\"query-input\":\"required name=search_term_string\"}],\"inLanguage\":\"tr\"},{\"@type\":\"Organization\",\"@id\":\"https:\/\/onaybilgisayar.com\/#organization\",\"name\":\"Onay Bilgisayar\",\"url\":\"https:\/\/onaybilgisayar.com\/\",\"logo\":{\"@type\":\"ImageObject\",\"inLanguage\":\"tr\",\"@id\":\"https:\/\/onaybilgisayar.com\/#\/schema\/logo\/image\/\",\"url\":\"https:\/\/onaybilgisayar.com\/wp-content\/uploads\/2024\/06\/onay_bilgisayar.png\",\"contentUrl\":\"https:\/\/onaybilgisayar.com\/wp-content\/uploads\/2024\/06\/onay_bilgisayar.png\",\"width\":425,\"height\":72,\"caption\":\"Onay Bilgisayar\"},\"image\":{\"@id\":\"https:\/\/onaybilgisayar.com\/#\/schema\/logo\/image\/\"},\"sameAs\":[\"https:\/\/www.facebook.com\/onaybilgisayar\/?locale=tr_TR\",\"https:\/\/www.instagram.com\/onaybilgisayar\/\"]}]}<\/script>\n<!-- \/ Yoast SEO plugin. -->","yoast_head_json":{"title":"G\u00fcvenlik Sistemleri - Onay Bilgisayar","robots":{"index":"index","follow":"follow","max-snippet":"max-snippet:-1","max-image-preview":"max-image-preview:large","max-video-preview":"max-video-preview:-1"},"canonical":"https:\/\/onaybilgisayar.com\/index.php\/services\/security-systems\/","og_locale":"tr_TR","og_type":"article","og_title":"G\u00fcvenlik Sistemleri - Onay Bilgisayar","og_description":"Geli\u015fmi\u015f G\u00fcvenlik Teknolojileri G\u00fcvenlik sistemleri konusunda kendimizi s\u00fcrekli geli\u015ftiriyoruz. En yeni AHD, CVI, SDI ve IP kamera sistemleriyle, i\u015f yeriniz veya eviniz i\u00e7in tam koruma sa\u011fl\u0131yoruz. \u0130nternet \u00fczerinden kesintisiz ve \u00fccretsiz 7\/24 canl\u0131 izleme \u00f6zelli\u011fiyle, g\u00fcvenli\u011finizi her zaman kontrol alt\u0131nda tutun. En uygun fiyatlar ve \u00fcst\u00fcn kurulum garantisiyle g\u00fcvenli\u011finizi bir \u00fcst seviyeye ta\u015f\u0131y\u0131n. Kamera Sistemleri&hellip;&nbsp;Read More &raquo;G\u00fcvenlik Sistemleri","og_url":"https:\/\/onaybilgisayar.com\/index.php\/services\/security-systems\/","og_site_name":"Onay Bilgisayar","article_publisher":"https:\/\/www.facebook.com\/onaybilgisayar\/?locale=tr_TR","article_modified_time":"2024-06-26T20:40:00+00:00","og_image":[{"url":"https:\/\/api.themeisle.com\/templates-data\/2021\/05\/ebf0233ced7259cf0838b7ba6d3aee07z5k5tcnu91t54ot9svkt\/images\/neve-patterns-8.jpg"}],"twitter_card":"summary_large_image","twitter_misc":{"Tahmini okuma s\u00fcresi":"1 dakika"},"schema":{"@context":"https:\/\/schema.org","@graph":[{"@type":"WebPage","@id":"https:\/\/onaybilgisayar.com\/index.php\/services\/security-systems\/","url":"https:\/\/onaybilgisayar.com\/index.php\/services\/security-systems\/","name":"G\u00fcvenlik Sistemleri - Onay Bilgisayar","isPartOf":{"@id":"https:\/\/onaybilgisayar.com\/#website"},"primaryImageOfPage":{"@id":"https:\/\/onaybilgisayar.com\/index.php\/services\/security-systems\/#primaryimage"},"image":{"@id":"https:\/\/onaybilgisayar.com\/index.php\/services\/security-systems\/#primaryimage"},"thumbnailUrl":"https:\/\/api.themeisle.com\/templates-data\/2021\/05\/ebf0233ced7259cf0838b7ba6d3aee07z5k5tcnu91t54ot9svkt\/images\/neve-patterns-8.jpg","datePublished":"2024-06-26T20:11:24+00:00","dateModified":"2024-06-26T20:40:00+00:00","breadcrumb":{"@id":"https:\/\/onaybilgisayar.com\/index.php\/services\/security-systems\/#breadcrumb"},"inLanguage":"tr","potentialAction":[{"@type":"ReadAction","target":["https:\/\/onaybilgisayar.com\/index.php\/services\/security-systems\/"]}]},{"@type":"ImageObject","inLanguage":"tr","@id":"https:\/\/onaybilgisayar.com\/index.php\/services\/security-systems\/#primaryimage","url":"https:\/\/api.themeisle.com\/templates-data\/2021\/05\/ebf0233ced7259cf0838b7ba6d3aee07z5k5tcnu91t54ot9svkt\/images\/neve-patterns-8.jpg","contentUrl":"https:\/\/api.themeisle.com\/templates-data\/2021\/05\/ebf0233ced7259cf0838b7ba6d3aee07z5k5tcnu91t54ot9svkt\/images\/neve-patterns-8.jpg"},{"@type":"BreadcrumbList","@id":"https:\/\/onaybilgisayar.com\/index.php\/services\/security-systems\/#breadcrumb","itemListElement":[{"@type":"ListItem","position":1,"name":"Anasayfa","item":"https:\/\/onaybilgisayar.com\/"},{"@type":"ListItem","position":2,"name":"Hizmetlerimiz","item":"https:\/\/onaybilgisayar.com\/index.php\/services\/"},{"@type":"ListItem","position":3,"name":"G\u00fcvenlik Sistemleri"}]},{"@type":"WebSite","@id":"https:\/\/onaybilgisayar.com\/#website","url":"https:\/\/onaybilgisayar.com\/","name":"Onay Bilgisayar","description":"Bilgi Teknolojileri","publisher":{"@id":"https:\/\/onaybilgisayar.com\/#organization"},"potentialAction":[{"@type":"SearchAction","target":{"@type":"EntryPoint","urlTemplate":"https:\/\/onaybilgisayar.com\/?s={search_term_string}"},"query-input":"required name=search_term_string"}],"inLanguage":"tr"},{"@type":"Organization","@id":"https:\/\/onaybilgisayar.com\/#organization","name":"Onay Bilgisayar","url":"https:\/\/onaybilgisayar.com\/","logo":{"@type":"ImageObject","inLanguage":"tr","@id":"https:\/\/onaybilgisayar.com\/#\/schema\/logo\/image\/","url":"https:\/\/onaybilgisayar.com\/wp-content\/uploads\/2024\/06\/onay_bilgisayar.png","contentUrl":"https:\/\/onaybilgisayar.com\/wp-content\/uploads\/2024\/06\/onay_bilgisayar.png","width":425,"height":72,"caption":"Onay Bilgisayar"},"image":{"@id":"https:\/\/onaybilgisayar.com\/#\/schema\/logo\/image\/"},"sameAs":["https:\/\/www.facebook.com\/onaybilgisayar\/?locale=tr_TR","https:\/\/www.instagram.com\/onaybilgisayar\/"]}]}},"_links":{"self":[{"href":"https:\/\/onaybilgisayar.com\/index.php\/wp-json\/wp\/v2\/pages\/437"}],"collection":[{"href":"https:\/\/onaybilgisayar.com\/index.php\/wp-json\/wp\/v2\/pages"}],"about":[{"href":"https:\/\/onaybilgisayar.com\/index.php\/wp-json\/wp\/v2\/types\/page"}],"author":[{"embeddable":true,"href":"https:\/\/onaybilgisayar.com\/index.php\/wp-json\/wp\/v2\/users\/1"}],"replies":[{"embeddable":true,"href":"https:\/\/onaybilgisayar.com\/index.php\/wp-json\/wp\/v2\/comments?post=437"}],"version-history":[{"count":5,"href":"https:\/\/onaybilgisayar.com\/index.php\/wp-json\/wp\/v2\/pages\/437\/revisions"}],"predecessor-version":[{"id":460,"href":"https:\/\/onaybilgisayar.com\/index.php\/wp-json\/wp\/v2\/pages\/437\/revisions\/460"}],"up":[{"embeddable":true,"href":"https:\/\/onaybilgisayar.com\/index.php\/wp-json\/wp\/v2\/pages\/69"}],"wp:attachment":[{"href":"https:\/\/onaybilgisayar.com\/index.php\/wp-json\/wp\/v2\/media?parent=437"}],"curies":[{"name":"wp","href":"https:\/\/api.w.org\/{rel}","templated":true}]}}