{"id":2,"date":"2024-06-25T18:22:03","date_gmt":"2024-06-25T18:22:03","guid":{"rendered":"https:\/\/onaybilgisayar.com\/?page_id=2"},"modified":"2024-06-26T20:30:41","modified_gmt":"2024-06-26T20:30:41","slug":"computer-services","status":"publish","type":"page","link":"https:\/\/onaybilgisayar.com\/index.php\/services\/computer-services\/","title":{"rendered":"Bilgisayar Hizmetleri"},"content":{"rendered":"\n<div class=\"wp-block-cover aligncenter is-light\"><span aria-hidden=\"true\" class=\"wp-block-cover__background has-nv-dark-bg-background-color has-background-dim-80 has-background-dim\"><\/span><img decoding=\"async\" class=\"wp-block-cover__image-background wp-image-403\" alt=\"\" src=\"https:\/\/api.themeisle.com\/templates-data\/2021\/05\/ebf0233ced7259cf0838b7ba6d3aee07z5k5tcnu91t54ot9svkt\/images\/neve-patterns-8.jpg\" data-object-fit=\"cover\"\/><div class=\"wp-block-cover__inner-container is-layout-flow wp-block-cover-is-layout-flow\">\n<div style=\"height:40px\" aria-hidden=\"true\" class=\"wp-block-spacer\"><\/div>\n\n\n\n<h2 class=\"wp-block-heading has-text-align-center has-nv-text-dark-bg-color has-text-color\">Bilgisayar Servisleri<\/h2>\n\n\n\n<p class=\"has-text-align-center has-nv-text-dark-bg-color has-text-color has-link-color wp-elements-9f1be493c0162cc09ee0b4dde8b562f8\">Modern ve g\u00fcvenilir bilgisayar servis \u00e7\u00f6z\u00fcmleriyle, notebooklar\u0131n\u0131zdan masa\u00fcst\u00fc bilgisayarlar\u0131n\u0131za, sunucular\u0131n\u0131za kadar t\u00fcm cihazlar\u0131n\u0131zda ya\u015fad\u0131\u011f\u0131n\u0131z sorunlar\u0131 h\u0131zl\u0131 ve etkin bir \u015fekilde \u00e7\u00f6z\u00fcyoruz.<\/p>\n\n\n\n<div style=\"height:20px\" aria-hidden=\"true\" class=\"wp-block-spacer\"><\/div>\n\n\n\n<div class=\"wp-block-buttons is-horizontal is-content-justification-center is-layout-flex wp-container-core-buttons-layout-1 wp-block-buttons-is-layout-flex\">\n<div class=\"wp-block-button is-style-primary\"><a class=\"wp-block-button__link wp-element-button\" href=\"\/index.php\/services\/\">Hizmetlerimizi Ke\u015ffedin<\/a><\/div>\n<\/div>\n\n\n\n<div style=\"height:40px\" aria-hidden=\"true\" class=\"wp-block-spacer\"><\/div>\n<\/div><\/div>\n\n\n\n<div style=\"height:80px\" aria-hidden=\"true\" class=\"wp-block-spacer\"><\/div>\n\n\n\n<h2 class=\"wp-block-heading\">Profesyonel Teknik Servis Hizmetleri<\/h2>\n\n\n\n<p>Bilgisayarlar\u0131n\u0131z ve di\u011fer teknolojik cihazlar\u0131n\u0131z i\u00e7in tam kapsaml\u0131 teknik destek ve onar\u0131m hizmetleri sunuyoruz. Her t\u00fcrl\u00fc ar\u0131za ve ihtiyaca y\u00f6nelik \u00e7\u00f6z\u00fcmlerimizle, cihazlar\u0131n\u0131z\u0131 ilk g\u00fcnk\u00fc performans\u0131na kavu\u015fturmay\u0131 hedefliyoruz.<\/p>\n\n\n\n<div style=\"height:20px\" aria-hidden=\"true\" class=\"wp-block-spacer\"><\/div>\n\n\n\n<div class=\"nv-cv-m wp-block-columns is-layout-flex wp-container-core-columns-layout-1 wp-block-columns-is-layout-flex\">\n<div class=\"wp-block-column is-layout-flow wp-block-column-is-layout-flow\">\n<figure class=\"wp-block-image size-large is-resized\"><img decoding=\"async\" src=\"https:\/\/api.themeisle.com\/templates-data\/2021\/05\/ebf0233ced7259cf0838b7ba6d3aee07z5k5tcnu91t54ot9svkt\/images\/tc-icons-03.png\" alt=\"\" class=\"wp-image-493\" style=\"width:80px;height:80px\"\/><\/figure>\n\n\n\n<h3 class=\"wp-block-heading has-neve-text-color-color has-text-color\"><strong>Notebook ve Masa\u00fcst\u00fc Bilgisayarlar<\/strong><\/h3>\n\n\n\n<ul>\n<li>Bak\u0131m Onar\u0131m<\/li>\n\n\n\n<li>Anakart Tamir<\/li>\n\n\n\n<li>G\u00fc\u00e7 \u00dcnitesi Tamir<\/li>\n\n\n\n<li>BIOS Ayarlar\u0131 ve G\u00fcncellemeleri<\/li>\n\n\n\n<li>Y\u00fckseltme<\/li>\n\n\n\n<li>Detayl\u0131 Ar\u0131za Tespitleri<\/li>\n<\/ul>\n<\/div>\n\n\n\n<div class=\"wp-block-column is-layout-flow wp-block-column-is-layout-flow\">\n<figure class=\"wp-block-image size-large is-resized\"><img decoding=\"async\" src=\"https:\/\/api.themeisle.com\/templates-data\/2021\/05\/ebf0233ced7259cf0838b7ba6d3aee07z5k5tcnu91t54ot9svkt\/images\/tc-icons-02.png\" alt=\"\" class=\"wp-image-492\" style=\"width:80px;height:80px\"\/><\/figure>\n\n\n\n<h3 class=\"wp-block-heading has-neve-text-color-color has-text-color\"><strong>Notebook \u00d6zelle\u015ftirme ve Onar\u0131m<\/strong><\/h3>\n\n\n\n<ul>\n<li>Chip De\u011fi\u015fimi ve Onar\u0131m (Reballing)<\/li>\n\n\n\n<li>Klavye, Ekran ve Di\u011fer Donan\u0131mlar\u0131n De\u011fi\u015fimi<\/li>\n\n\n\n<li>BIOS G\u00fcncellemeleri<\/li>\n<\/ul>\n<\/div>\n<\/div>\n\n\n\n<div style=\"height:20px\" aria-hidden=\"true\" class=\"wp-block-spacer\"><\/div>\n\n\n\n<div class=\"nv-cv-m wp-block-columns is-layout-flex wp-container-core-columns-layout-2 wp-block-columns-is-layout-flex\">\n<div class=\"wp-block-column is-layout-flow wp-block-column-is-layout-flow\">\n<figure class=\"wp-block-image size-large is-resized\"><img decoding=\"async\" src=\"https:\/\/api.themeisle.com\/templates-data\/2021\/05\/ebf0233ced7259cf0838b7ba6d3aee07z5k5tcnu91t54ot9svkt\/images\/tc-icons-01.png\" alt=\"\" class=\"wp-image-491\" style=\"width:80px;height:80px\"\/><\/figure>\n\n\n\n<h3 class=\"wp-block-heading has-neve-text-color-color has-text-color\"><strong>Depolama \u00c7\u00f6z\u00fcmleri (Storage)<\/strong><\/h3>\n\n\n\n<ul>\n<li>Veri Depolama Sistemlerinin Bak\u0131m ve Onar\u0131m\u0131<\/li>\n\n\n\n<li>Detayl\u0131 Ar\u0131za Tespitleri<\/li>\n<\/ul>\n<\/div>\n\n\n\n<div class=\"wp-block-column is-layout-flow wp-block-column-is-layout-flow\">\n<figure class=\"wp-block-image size-large is-resized\"><img decoding=\"async\" src=\"https:\/\/api.themeisle.com\/templates-data\/2021\/05\/ebf0233ced7259cf0838b7ba6d3aee07z5k5tcnu91t54ot9svkt\/images\/tc-icons-03.png\" alt=\"\" class=\"wp-image-493\" style=\"width:80px;height:80px\"\/><\/figure>\n\n\n\n<h3 class=\"wp-block-heading has-neve-text-color-color has-text-color\">Server ve Sunucu Hizmetleri<\/h3>\n\n\n\n<ul>\n<li>Sunucu Ar\u0131zalar\u0131n\u0131n Giderilmesi<\/li>\n\n\n\n<li>Detayl\u0131 Ar\u0131za Tespitleri<\/li>\n<\/ul>\n<\/div>\n<\/div>\n\n\n\n<div style=\"height:100px\" aria-hidden=\"true\" class=\"wp-block-spacer\"><\/div>\n\n\n\n<div class=\"nv-cv-d nv-cv-m wp-block-cover alignfull is-light\" style=\"min-height:600px\"><span aria-hidden=\"true\" class=\"wp-block-cover__background has-nv-dark-bg-background-color has-background-dim-100 has-background-dim\"><\/span><div class=\"wp-block-cover__inner-container is-layout-flow wp-block-cover-is-layout-flow\">\n<div class=\"wp-block-columns is-layout-flex wp-container-core-columns-layout-3 wp-block-columns-is-layout-flex\">\n<div class=\"wp-block-column is-vertically-aligned-center is-layout-flow wp-block-column-is-layout-flow\" style=\"flex-basis:100%\">\n<h1 class=\"wp-block-heading has-text-align-center has-nv-text-dark-bg-color has-text-color\">\u0130\u015fbirli\u011fi F\u0131rsatlar\u0131<\/h1>\n\n\n\n<p class=\"has-text-align-center has-nv-text-dark-bg-color has-text-color\">Modern teknoloji \u00e7\u00f6z\u00fcmlerimizle projelerinize de\u011fer kat\u0131n. \u0130htiya\u00e7 duydu\u011funuz her an yan\u0131n\u0131zday\u0131z.<\/p>\n\n\n\n<div class=\"wp-block-buttons is-horizontal is-content-justification-center is-layout-flex wp-container-core-buttons-layout-2 wp-block-buttons-is-layout-flex\">\n<div class=\"wp-block-button is-style-secondary\"><a class=\"wp-block-button__link has-nv-text-dark-bg-color has-text-color has-link-color wp-element-button\" href=\"\/index.php\/contact-us\/\">Projeleriniz \u0130\u00e7in Bizimle \u0130leti\u015fime Ge\u00e7in<\/a><\/div>\n<\/div>\n<\/div>\n<\/div>\n<\/div><\/div>\n","protected":false},"excerpt":{"rendered":"<p>Profesyonel Teknik Servis Hizmetleri Bilgisayarlar\u0131n\u0131z ve di\u011fer teknolojik cihazlar\u0131n\u0131z i\u00e7in tam kapsaml\u0131 teknik destek ve onar\u0131m hizmetleri sunuyoruz. Her t\u00fcrl\u00fc ar\u0131za ve ihtiyaca y\u00f6nelik \u00e7\u00f6z\u00fcmlerimizle, cihazlar\u0131n\u0131z\u0131 ilk g\u00fcnk\u00fc performans\u0131na kavu\u015fturmay\u0131 hedefliyoruz. Notebook ve Masa\u00fcst\u00fc Bilgisayarlar Notebook \u00d6zelle\u015ftirme ve Onar\u0131m Depolama \u00c7\u00f6z\u00fcmleri (Storage) Server ve Sunucu Hizmetleri<\/p>\n","protected":false},"author":1,"featured_media":0,"parent":69,"menu_order":1,"comment_status":"closed","ping_status":"closed","template":"","meta":{"neve_meta_sidebar":"full-width","neve_meta_container":"contained","neve_meta_enable_content_width":"on","neve_meta_content_width":100,"neve_meta_title_alignment":"","neve_meta_author_avatar":"","neve_post_elements_order":"","neve_meta_disable_header":"","neve_meta_disable_footer":"","neve_meta_disable_title":"on","neve_meta_reading_time":"","_themeisle_gutenberg_block_has_review":false,"_ti_tpc_template_sync":false,"_ti_tpc_template_id":"","footnotes":""},"yoast_head":"<!-- This site is optimized with the Yoast SEO plugin v23.0 - https:\/\/yoast.com\/wordpress\/plugins\/seo\/ -->\n<title>Bilgisayar Hizmetleri - Onay Bilgisayar<\/title>\n<meta name=\"robots\" content=\"index, follow, max-snippet:-1, max-image-preview:large, max-video-preview:-1\" \/>\n<link rel=\"canonical\" href=\"https:\/\/onaybilgisayar.com\/index.php\/services\/computer-services\/\" \/>\n<meta property=\"og:locale\" content=\"tr_TR\" \/>\n<meta property=\"og:type\" content=\"article\" \/>\n<meta property=\"og:title\" content=\"Bilgisayar Hizmetleri - Onay Bilgisayar\" \/>\n<meta property=\"og:description\" content=\"Profesyonel Teknik Servis Hizmetleri Bilgisayarlar\u0131n\u0131z ve di\u011fer teknolojik cihazlar\u0131n\u0131z i\u00e7in tam kapsaml\u0131 teknik destek ve onar\u0131m hizmetleri sunuyoruz. Her t\u00fcrl\u00fc ar\u0131za ve ihtiyaca y\u00f6nelik \u00e7\u00f6z\u00fcmlerimizle, cihazlar\u0131n\u0131z\u0131 ilk g\u00fcnk\u00fc performans\u0131na kavu\u015fturmay\u0131 hedefliyoruz. Notebook ve Masa\u00fcst\u00fc Bilgisayarlar Notebook \u00d6zelle\u015ftirme ve Onar\u0131m Depolama \u00c7\u00f6z\u00fcmleri (Storage) Server ve Sunucu Hizmetleri\" \/>\n<meta property=\"og:url\" content=\"https:\/\/onaybilgisayar.com\/index.php\/services\/computer-services\/\" \/>\n<meta property=\"og:site_name\" content=\"Onay Bilgisayar\" \/>\n<meta property=\"article:publisher\" content=\"https:\/\/www.facebook.com\/onaybilgisayar\/?locale=tr_TR\" \/>\n<meta property=\"article:modified_time\" content=\"2024-06-26T20:30:41+00:00\" \/>\n<meta property=\"og:image\" content=\"https:\/\/api.themeisle.com\/templates-data\/2021\/05\/ebf0233ced7259cf0838b7ba6d3aee07z5k5tcnu91t54ot9svkt\/images\/neve-patterns-8.jpg\" \/>\n<meta name=\"twitter:card\" content=\"summary_large_image\" \/>\n<meta name=\"twitter:label1\" content=\"Tahmini okuma s\u00fcresi\" \/>\n\t<meta name=\"twitter:data1\" content=\"1 dakika\" \/>\n<script type=\"application\/ld+json\" class=\"yoast-schema-graph\">{\"@context\":\"https:\/\/schema.org\",\"@graph\":[{\"@type\":\"WebPage\",\"@id\":\"https:\/\/onaybilgisayar.com\/index.php\/services\/computer-services\/\",\"url\":\"https:\/\/onaybilgisayar.com\/index.php\/services\/computer-services\/\",\"name\":\"Bilgisayar Hizmetleri - Onay Bilgisayar\",\"isPartOf\":{\"@id\":\"https:\/\/onaybilgisayar.com\/#website\"},\"primaryImageOfPage\":{\"@id\":\"https:\/\/onaybilgisayar.com\/index.php\/services\/computer-services\/#primaryimage\"},\"image\":{\"@id\":\"https:\/\/onaybilgisayar.com\/index.php\/services\/computer-services\/#primaryimage\"},\"thumbnailUrl\":\"https:\/\/api.themeisle.com\/templates-data\/2021\/05\/ebf0233ced7259cf0838b7ba6d3aee07z5k5tcnu91t54ot9svkt\/images\/neve-patterns-8.jpg\",\"datePublished\":\"2024-06-25T18:22:03+00:00\",\"dateModified\":\"2024-06-26T20:30:41+00:00\",\"breadcrumb\":{\"@id\":\"https:\/\/onaybilgisayar.com\/index.php\/services\/computer-services\/#breadcrumb\"},\"inLanguage\":\"tr\",\"potentialAction\":[{\"@type\":\"ReadAction\",\"target\":[\"https:\/\/onaybilgisayar.com\/index.php\/services\/computer-services\/\"]}]},{\"@type\":\"ImageObject\",\"inLanguage\":\"tr\",\"@id\":\"https:\/\/onaybilgisayar.com\/index.php\/services\/computer-services\/#primaryimage\",\"url\":\"https:\/\/api.themeisle.com\/templates-data\/2021\/05\/ebf0233ced7259cf0838b7ba6d3aee07z5k5tcnu91t54ot9svkt\/images\/neve-patterns-8.jpg\",\"contentUrl\":\"https:\/\/api.themeisle.com\/templates-data\/2021\/05\/ebf0233ced7259cf0838b7ba6d3aee07z5k5tcnu91t54ot9svkt\/images\/neve-patterns-8.jpg\"},{\"@type\":\"BreadcrumbList\",\"@id\":\"https:\/\/onaybilgisayar.com\/index.php\/services\/computer-services\/#breadcrumb\",\"itemListElement\":[{\"@type\":\"ListItem\",\"position\":1,\"name\":\"Anasayfa\",\"item\":\"https:\/\/onaybilgisayar.com\/\"},{\"@type\":\"ListItem\",\"position\":2,\"name\":\"Hizmetlerimiz\",\"item\":\"https:\/\/onaybilgisayar.com\/index.php\/services\/\"},{\"@type\":\"ListItem\",\"position\":3,\"name\":\"Bilgisayar Hizmetleri\"}]},{\"@type\":\"WebSite\",\"@id\":\"https:\/\/onaybilgisayar.com\/#website\",\"url\":\"https:\/\/onaybilgisayar.com\/\",\"name\":\"Onay Bilgisayar\",\"description\":\"Bilgi Teknolojileri\",\"publisher\":{\"@id\":\"https:\/\/onaybilgisayar.com\/#organization\"},\"potentialAction\":[{\"@type\":\"SearchAction\",\"target\":{\"@type\":\"EntryPoint\",\"urlTemplate\":\"https:\/\/onaybilgisayar.com\/?s={search_term_string}\"},\"query-input\":\"required name=search_term_string\"}],\"inLanguage\":\"tr\"},{\"@type\":\"Organization\",\"@id\":\"https:\/\/onaybilgisayar.com\/#organization\",\"name\":\"Onay Bilgisayar\",\"url\":\"https:\/\/onaybilgisayar.com\/\",\"logo\":{\"@type\":\"ImageObject\",\"inLanguage\":\"tr\",\"@id\":\"https:\/\/onaybilgisayar.com\/#\/schema\/logo\/image\/\",\"url\":\"https:\/\/onaybilgisayar.com\/wp-content\/uploads\/2024\/06\/onay_bilgisayar.png\",\"contentUrl\":\"https:\/\/onaybilgisayar.com\/wp-content\/uploads\/2024\/06\/onay_bilgisayar.png\",\"width\":425,\"height\":72,\"caption\":\"Onay Bilgisayar\"},\"image\":{\"@id\":\"https:\/\/onaybilgisayar.com\/#\/schema\/logo\/image\/\"},\"sameAs\":[\"https:\/\/www.facebook.com\/onaybilgisayar\/?locale=tr_TR\",\"https:\/\/www.instagram.com\/onaybilgisayar\/\"]}]}<\/script>\n<!-- \/ Yoast SEO plugin. -->","yoast_head_json":{"title":"Bilgisayar Hizmetleri - Onay Bilgisayar","robots":{"index":"index","follow":"follow","max-snippet":"max-snippet:-1","max-image-preview":"max-image-preview:large","max-video-preview":"max-video-preview:-1"},"canonical":"https:\/\/onaybilgisayar.com\/index.php\/services\/computer-services\/","og_locale":"tr_TR","og_type":"article","og_title":"Bilgisayar Hizmetleri - Onay Bilgisayar","og_description":"Profesyonel Teknik Servis Hizmetleri Bilgisayarlar\u0131n\u0131z ve di\u011fer teknolojik cihazlar\u0131n\u0131z i\u00e7in tam kapsaml\u0131 teknik destek ve onar\u0131m hizmetleri sunuyoruz. Her t\u00fcrl\u00fc ar\u0131za ve ihtiyaca y\u00f6nelik \u00e7\u00f6z\u00fcmlerimizle, cihazlar\u0131n\u0131z\u0131 ilk g\u00fcnk\u00fc performans\u0131na kavu\u015fturmay\u0131 hedefliyoruz. Notebook ve Masa\u00fcst\u00fc Bilgisayarlar Notebook \u00d6zelle\u015ftirme ve Onar\u0131m Depolama \u00c7\u00f6z\u00fcmleri (Storage) Server ve Sunucu Hizmetleri","og_url":"https:\/\/onaybilgisayar.com\/index.php\/services\/computer-services\/","og_site_name":"Onay Bilgisayar","article_publisher":"https:\/\/www.facebook.com\/onaybilgisayar\/?locale=tr_TR","article_modified_time":"2024-06-26T20:30:41+00:00","og_image":[{"url":"https:\/\/api.themeisle.com\/templates-data\/2021\/05\/ebf0233ced7259cf0838b7ba6d3aee07z5k5tcnu91t54ot9svkt\/images\/neve-patterns-8.jpg"}],"twitter_card":"summary_large_image","twitter_misc":{"Tahmini okuma s\u00fcresi":"1 dakika"},"schema":{"@context":"https:\/\/schema.org","@graph":[{"@type":"WebPage","@id":"https:\/\/onaybilgisayar.com\/index.php\/services\/computer-services\/","url":"https:\/\/onaybilgisayar.com\/index.php\/services\/computer-services\/","name":"Bilgisayar Hizmetleri - Onay Bilgisayar","isPartOf":{"@id":"https:\/\/onaybilgisayar.com\/#website"},"primaryImageOfPage":{"@id":"https:\/\/onaybilgisayar.com\/index.php\/services\/computer-services\/#primaryimage"},"image":{"@id":"https:\/\/onaybilgisayar.com\/index.php\/services\/computer-services\/#primaryimage"},"thumbnailUrl":"https:\/\/api.themeisle.com\/templates-data\/2021\/05\/ebf0233ced7259cf0838b7ba6d3aee07z5k5tcnu91t54ot9svkt\/images\/neve-patterns-8.jpg","datePublished":"2024-06-25T18:22:03+00:00","dateModified":"2024-06-26T20:30:41+00:00","breadcrumb":{"@id":"https:\/\/onaybilgisayar.com\/index.php\/services\/computer-services\/#breadcrumb"},"inLanguage":"tr","potentialAction":[{"@type":"ReadAction","target":["https:\/\/onaybilgisayar.com\/index.php\/services\/computer-services\/"]}]},{"@type":"ImageObject","inLanguage":"tr","@id":"https:\/\/onaybilgisayar.com\/index.php\/services\/computer-services\/#primaryimage","url":"https:\/\/api.themeisle.com\/templates-data\/2021\/05\/ebf0233ced7259cf0838b7ba6d3aee07z5k5tcnu91t54ot9svkt\/images\/neve-patterns-8.jpg","contentUrl":"https:\/\/api.themeisle.com\/templates-data\/2021\/05\/ebf0233ced7259cf0838b7ba6d3aee07z5k5tcnu91t54ot9svkt\/images\/neve-patterns-8.jpg"},{"@type":"BreadcrumbList","@id":"https:\/\/onaybilgisayar.com\/index.php\/services\/computer-services\/#breadcrumb","itemListElement":[{"@type":"ListItem","position":1,"name":"Anasayfa","item":"https:\/\/onaybilgisayar.com\/"},{"@type":"ListItem","position":2,"name":"Hizmetlerimiz","item":"https:\/\/onaybilgisayar.com\/index.php\/services\/"},{"@type":"ListItem","position":3,"name":"Bilgisayar Hizmetleri"}]},{"@type":"WebSite","@id":"https:\/\/onaybilgisayar.com\/#website","url":"https:\/\/onaybilgisayar.com\/","name":"Onay Bilgisayar","description":"Bilgi Teknolojileri","publisher":{"@id":"https:\/\/onaybilgisayar.com\/#organization"},"potentialAction":[{"@type":"SearchAction","target":{"@type":"EntryPoint","urlTemplate":"https:\/\/onaybilgisayar.com\/?s={search_term_string}"},"query-input":"required name=search_term_string"}],"inLanguage":"tr"},{"@type":"Organization","@id":"https:\/\/onaybilgisayar.com\/#organization","name":"Onay Bilgisayar","url":"https:\/\/onaybilgisayar.com\/","logo":{"@type":"ImageObject","inLanguage":"tr","@id":"https:\/\/onaybilgisayar.com\/#\/schema\/logo\/image\/","url":"https:\/\/onaybilgisayar.com\/wp-content\/uploads\/2024\/06\/onay_bilgisayar.png","contentUrl":"https:\/\/onaybilgisayar.com\/wp-content\/uploads\/2024\/06\/onay_bilgisayar.png","width":425,"height":72,"caption":"Onay Bilgisayar"},"image":{"@id":"https:\/\/onaybilgisayar.com\/#\/schema\/logo\/image\/"},"sameAs":["https:\/\/www.facebook.com\/onaybilgisayar\/?locale=tr_TR","https:\/\/www.instagram.com\/onaybilgisayar\/"]}]}},"_links":{"self":[{"href":"https:\/\/onaybilgisayar.com\/index.php\/wp-json\/wp\/v2\/pages\/2"}],"collection":[{"href":"https:\/\/onaybilgisayar.com\/index.php\/wp-json\/wp\/v2\/pages"}],"about":[{"href":"https:\/\/onaybilgisayar.com\/index.php\/wp-json\/wp\/v2\/types\/page"}],"author":[{"embeddable":true,"href":"https:\/\/onaybilgisayar.com\/index.php\/wp-json\/wp\/v2\/users\/1"}],"replies":[{"embeddable":true,"href":"https:\/\/onaybilgisayar.com\/index.php\/wp-json\/wp\/v2\/comments?post=2"}],"version-history":[{"count":12,"href":"https:\/\/onaybilgisayar.com\/index.php\/wp-json\/wp\/v2\/pages\/2\/revisions"}],"predecessor-version":[{"id":456,"href":"https:\/\/onaybilgisayar.com\/index.php\/wp-json\/wp\/v2\/pages\/2\/revisions\/456"}],"up":[{"embeddable":true,"href":"https:\/\/onaybilgisayar.com\/index.php\/wp-json\/wp\/v2\/pages\/69"}],"wp:attachment":[{"href":"https:\/\/onaybilgisayar.com\/index.php\/wp-json\/wp\/v2\/media?parent=2"}],"curies":[{"name":"wp","href":"https:\/\/api.w.org\/{rel}","templated":true}]}}